{"id":1171,"date":"2023-12-21T16:51:57","date_gmt":"2023-12-21T15:51:57","guid":{"rendered":"https:\/\/buerger-mengkofen.de\/?page_id=1171"},"modified":"2025-07-25T13:38:18","modified_gmt":"2025-07-25T12:38:18","slug":"sei-dabei-und-hilf-mit","status":"publish","type":"page","link":"https:\/\/buerger-mengkofen.de\/index.php\/sei-dabei-und-hilf-mit\/","title":{"rendered":"Sei dabei und hilf mit"},"content":{"rendered":"\t\t<div data-elementor-type=\"wp-page\" data-elementor-id=\"1171\" class=\"elementor elementor-1171\">\n\t\t\t\t<div class=\"elementor-element elementor-element-08c1d50 e-flex e-con-boxed e-con e-parent\" data-id=\"08c1d50\" data-element_type=\"container\" data-e-type=\"container\">\n\t\t\t\t\t<div class=\"e-con-inner\">\n\t\t\t\t<div class=\"elementor-element elementor-element-1aa738e elementor-widget elementor-widget-spacer\" data-id=\"1aa738e\" data-element_type=\"widget\" data-e-type=\"widget\" data-widget_type=\"spacer.default\">\n\t\t\t\t<div class=\"elementor-widget-container\">\n\t\t\t\t\t\t\t<div class=\"elementor-spacer\">\n\t\t\t<div class=\"elementor-spacer-inner\"><\/div>\n\t\t<\/div>\n\t\t\t\t\t\t<\/div>\n\t\t\t\t<\/div>\n\t\t\t\t\t<\/div>\n\t\t\t\t<\/div>\n\t\t<div class=\"elementor-element elementor-element-fbd32d6 e-flex e-con-boxed elementor-invisible e-con e-parent\" data-id=\"fbd32d6\" data-element_type=\"container\" data-e-type=\"container\" data-settings=\"{&quot;animation&quot;:&quot;fadeIn&quot;}\">\n\t\t\t\t\t<div class=\"e-con-inner\">\n\t\t\t\t<div class=\"elementor-element elementor-element-7236c7a elementor-widget elementor-widget-heading\" data-id=\"7236c7a\" data-element_type=\"widget\" data-e-type=\"widget\" data-widget_type=\"heading.default\">\n\t\t\t\t<div class=\"elementor-widget-container\">\n\t\t\t\t\t<h2 class=\"elementor-heading-title elementor-size-default\">Der Weg zum Ehrenamt<\/h2>\t\t\t\t<\/div>\n\t\t\t\t<\/div>\n\t\t\t\t\t<\/div>\n\t\t\t\t<\/div>\n\t\t<div class=\"elementor-element elementor-element-27e5921 e-flex e-con-boxed e-con e-parent\" data-id=\"27e5921\" data-element_type=\"container\" data-e-type=\"container\">\n\t\t\t\t\t<div class=\"e-con-inner\">\n\t\t\t\t<div class=\"elementor-element elementor-element-ad0f266 elementor-widget elementor-widget-spacer\" data-id=\"ad0f266\" data-element_type=\"widget\" data-e-type=\"widget\" data-widget_type=\"spacer.default\">\n\t\t\t\t<div class=\"elementor-widget-container\">\n\t\t\t\t\t\t\t<div class=\"elementor-spacer\">\n\t\t\t<div class=\"elementor-spacer-inner\"><\/div>\n\t\t<\/div>\n\t\t\t\t\t\t<\/div>\n\t\t\t\t<\/div>\n\t\t\t\t\t<\/div>\n\t\t\t\t<\/div>\n\t\t<div class=\"elementor-element elementor-element-1158f7b e-flex e-con-boxed elementor-invisible e-con e-parent\" data-id=\"1158f7b\" data-element_type=\"container\" data-e-type=\"container\" data-settings=\"{&quot;animation&quot;:&quot;fadeIn&quot;}\">\n\t\t\t\t\t<div class=\"e-con-inner\">\n\t\t\t\t<div class=\"elementor-element elementor-element-4093ea6 elementor-widget elementor-widget-text-editor\" data-id=\"4093ea6\" data-element_type=\"widget\" data-e-type=\"widget\" data-widget_type=\"text-editor.default\">\n\t\t\t\t<div class=\"elementor-widget-container\">\n\t\t\t\t\t\t\t\t\t<p>Die Leistungen der Nachbarschaftshilfe k\u00f6nnen bereits ab Pflegegrad 1 direkt mit den Pflegekassen \u00fcber den Entlastungsbetrag von 131 \u20ac nach \u00a745b SGB XI abgerechnet werden. Voraussetzung daf\u00fcr ist jedoch, dass die Helfer eine spezielle Schulung durchlaufen haben.<\/p><p><strong>Das h\u00f6rt sich interessant an?<\/strong><\/p><p>Wir bieten diese Schulungsreihe f\u00fcr neue Helfer jedes Jahr im Herbst, verteilt auf 4 Samstage, an. Diese entspricht den Vorgaben des Bayerischen Ladesamtes f\u00fcr Pflege und findet bei uns in Mengkofen statt.\u00a0<\/p><p>Das Schulungskonzept umfasst 30 Einheiten \u00e0 45 Minuten. Die drei Module beinhalten u.a. folgende Themengebiete:<\/p><p>&#8211; Grundlagen der pflegerischen Versorgung<br \/>&#8211; M\u00f6glichkeit der Begleitung im Alltag<br \/>&#8211; Notf\u00e4lle: wie handeln?<br \/>&#8211; Rechtliche Grundlagen<br \/>&#8211; Kommunikation<br \/>&#8211; Unterst\u00fctzung im Haushalt<\/p><p><strong>Melden Sie sich bei uns! <\/strong><\/p><p>Unsere Kontaktdaten finden Sie\u00a0<a href=\"https:\/\/buerger-mengkofen.de\/index.php\/vorstand\/\">hier<\/a>.<\/p>\t\t\t\t\t\t\t\t<\/div>\n\t\t\t\t<\/div>\n\t\t\t\t\t<\/div>\n\t\t\t\t<\/div>\n\t\t<div class=\"elementor-element elementor-element-7369303 e-flex e-con-boxed e-con e-parent\" data-id=\"7369303\" data-element_type=\"container\" data-e-type=\"container\">\n\t\t\t\t\t<div class=\"e-con-inner\">\n\t\t\t\t<div class=\"elementor-element elementor-element-54fd32f elementor-widget elementor-widget-text-editor\" data-id=\"54fd32f\" data-element_type=\"widget\" data-e-type=\"widget\" data-widget_type=\"text-editor.default\">\n\t\t\t\t<div class=\"elementor-widget-container\">\n\t\t\t\t\t\t\t\t\t<div class=\"_df_book df-lite\" id=\"df_3243\"  _slug=\"nachbarschaftshilfe\" data-title=\"nachbarschaftshilfe\" wpoptions=\"true\" thumbtype=\"\" ><\/div><script class=\"df-shortcode-script\" nowprocket type=\"application\/javascript\">window.option_df_3243 = {\"outline\":[],\"backgroundColor\":\"#F5F5F5\",\"autoEnableOutline\":\"false\",\"autoEnableThumbnail\":\"false\",\"overwritePDFOutline\":\"false\",\"direction\":\"1\",\"pageSize\":\"0\",\"source\":\"https:\\\/\\\/buerger-mengkofen.de\\\/wp-content\\\/uploads\\\/2025\\\/07\\\/Flyer_Schulung-Termine-2025.pdf\",\"wpOptions\":\"true\"}; if(window.DFLIP && window.DFLIP.parseBooks){window.DFLIP.parseBooks();}<\/script>\t\t\t\t\t\t\t\t<\/div>\n\t\t\t\t<\/div>\n\t\t\t\t\t<\/div>\n\t\t\t\t<\/div>\n\t\t\t\t<\/div>\n\t\t","protected":false},"excerpt":{"rendered":"<p>Der Weg zum Ehrenamt Die Leistungen der Nachbarschaftshilfe k\u00f6nnen bereits ab Pflegegrad 1 direkt mit den Pflegekassen \u00fcber den Entlastungsbetrag von 131 \u20ac nach \u00a745b SGB XI abgerechnet werden. Voraussetzung daf\u00fcr ist jedoch, dass die Helfer eine spezielle Schulung durchlaufen haben. Das h\u00f6rt sich interessant an? Wir bieten diese Schulungsreihe f\u00fcr neue Helfer jedes Jahr [&hellip;]<\/p>\n","protected":false},"author":1,"featured_media":0,"parent":0,"menu_order":0,"comment_status":"closed","ping_status":"closed","template":"","meta":{"site-sidebar-layout":"no-sidebar","site-content-layout":"","ast-site-content-layout":"full-width-container","site-content-style":"default","site-sidebar-style":"default","ast-global-header-display":"","ast-banner-title-visibility":"","ast-main-header-display":"","ast-hfb-above-header-display":"","ast-hfb-below-header-display":"","ast-hfb-mobile-header-display":"","site-post-title":"disabled","ast-breadcrumbs-content":"","ast-featured-img":"disabled","footer-sml-layout":"","ast-disable-related-posts":"","theme-transparent-header-meta":"","adv-header-id-meta":"","stick-header-meta":"","header-above-stick-meta":"","header-main-stick-meta":"","header-below-stick-meta":"","astra-migrate-meta-layouts":"default","ast-page-background-enabled":"default","ast-page-background-meta":{"desktop":{"background-color":"var(--ast-global-color-4)","background-image":"","background-repeat":"repeat","background-position":"center center","background-size":"auto","background-attachment":"scroll","background-type":"","background-media":"","overlay-type":"","overlay-color":"","overlay-opacity":"","overlay-gradient":""},"tablet":{"background-color":"","background-image":"","background-repeat":"repeat","background-position":"center center","background-size":"auto","background-attachment":"scroll","background-type":"","background-media":"","overlay-type":"","overlay-color":"","overlay-opacity":"","overlay-gradient":""},"mobile":{"background-color":"","background-image":"","background-repeat":"repeat","background-position":"center center","background-size":"auto","background-attachment":"scroll","background-type":"","background-media":"","overlay-type":"","overlay-color":"","overlay-opacity":"","overlay-gradient":""}},"ast-content-background-meta":{"desktop":{"background-color":"var(--ast-global-color-5)","background-image":"","background-repeat":"repeat","background-position":"center center","background-size":"auto","background-attachment":"scroll","background-type":"","background-media":"","overlay-type":"","overlay-color":"","overlay-opacity":"","overlay-gradient":""},"tablet":{"background-color":"var(--ast-global-color-5)","background-image":"","background-repeat":"repeat","background-position":"center center","background-size":"auto","background-attachment":"scroll","background-type":"","background-media":"","overlay-type":"","overlay-color":"","overlay-opacity":"","overlay-gradient":""},"mobile":{"background-color":"var(--ast-global-color-5)","background-image":"","background-repeat":"repeat","background-position":"center center","background-size":"auto","background-attachment":"scroll","background-type":"","background-media":"","overlay-type":"","overlay-color":"","overlay-opacity":"","overlay-gradient":""}},"footnotes":""},"class_list":["post-1171","page","type-page","status-publish","hentry"],"aioseo_notices":[],"jetpack_sharing_enabled":true,"_links":{"self":[{"href":"https:\/\/buerger-mengkofen.de\/index.php\/wp-json\/wp\/v2\/pages\/1171","targetHints":{"allow":["GET"]}}],"collection":[{"href":"https:\/\/buerger-mengkofen.de\/index.php\/wp-json\/wp\/v2\/pages"}],"about":[{"href":"https:\/\/buerger-mengkofen.de\/index.php\/wp-json\/wp\/v2\/types\/page"}],"author":[{"embeddable":true,"href":"https:\/\/buerger-mengkofen.de\/index.php\/wp-json\/wp\/v2\/users\/1"}],"replies":[{"embeddable":true,"href":"https:\/\/buerger-mengkofen.de\/index.php\/wp-json\/wp\/v2\/comments?post=1171"}],"version-history":[{"count":70,"href":"https:\/\/buerger-mengkofen.de\/index.php\/wp-json\/wp\/v2\/pages\/1171\/revisions"}],"predecessor-version":[{"id":4374,"href":"https:\/\/buerger-mengkofen.de\/index.php\/wp-json\/wp\/v2\/pages\/1171\/revisions\/4374"}],"wp:attachment":[{"href":"https:\/\/buerger-mengkofen.de\/index.php\/wp-json\/wp\/v2\/media?parent=1171"}],"curies":[{"name":"wp","href":"https:\/\/api.w.org\/{rel}","templated":true}]}}