{"id":1174,"date":"2023-12-21T16:51:57","date_gmt":"2023-12-21T15:51:57","guid":{"rendered":"https:\/\/buerger-mengkofen.de\/?page_id=1174"},"modified":"2024-03-12T18:00:04","modified_gmt":"2024-03-12T17:00:04","slug":"ausfluege","status":"publish","type":"page","link":"https:\/\/buerger-mengkofen.de\/index.php\/ausfluege\/","title":{"rendered":"Ausfl\u00fcge"},"content":{"rendered":"\t\t<div data-elementor-type=\"wp-page\" data-elementor-id=\"1174\" class=\"elementor elementor-1174\">\n\t\t\t\t<div class=\"elementor-element elementor-element-b0ff39b e-flex e-con-boxed e-con e-parent\" data-id=\"b0ff39b\" data-element_type=\"container\" data-e-type=\"container\">\n\t\t\t\t\t<div class=\"e-con-inner\">\n\t\t\t\t<div class=\"elementor-element elementor-element-72b5ac5 elementor-widget elementor-widget-heading\" data-id=\"72b5ac5\" data-element_type=\"widget\" data-e-type=\"widget\" data-widget_type=\"heading.default\">\n\t\t\t\t<div class=\"elementor-widget-container\">\n\t\t\t\t\t<h2 class=\"elementor-heading-title elementor-size-default\">Mittwoch, 10.07.2024<\/h2>\t\t\t\t<\/div>\n\t\t\t\t<\/div>\n\t\t\t\t\t<\/div>\n\t\t\t\t<\/div>\n\t\t<div class=\"elementor-element elementor-element-685a312 e-flex e-con-boxed e-con e-parent\" data-id=\"685a312\" data-element_type=\"container\" data-e-type=\"container\">\n\t\t\t\t\t<div class=\"e-con-inner\">\n\t\t\t\t<div class=\"elementor-element elementor-element-3097d08 elementor-widget elementor-widget-heading\" data-id=\"3097d08\" data-element_type=\"widget\" data-e-type=\"widget\" data-widget_type=\"heading.default\">\n\t\t\t\t<div class=\"elementor-widget-container\">\n\t\t\t\t\t<h2 class=\"elementor-heading-title elementor-size-default\">Gro\u00dfer Seniorenausflug zum Flughafen M\u00fcnchen und Schloss Schlei\u00dfheim\n<\/h2>\t\t\t\t<\/div>\n\t\t\t\t<\/div>\n\t\t\t\t\t<\/div>\n\t\t\t\t<\/div>\n\t\t<div class=\"elementor-element elementor-element-42fd0f0 e-flex e-con-boxed e-con e-parent\" data-id=\"42fd0f0\" data-element_type=\"container\" data-e-type=\"container\">\n\t\t\t\t\t<div class=\"e-con-inner\">\n\t\t<div class=\"elementor-element elementor-element-81b78e6 e-con-full e-flex e-con e-child\" data-id=\"81b78e6\" data-element_type=\"container\" data-e-type=\"container\">\n\t\t\t\t<div class=\"elementor-element elementor-element-057f37e elementor-widget elementor-widget-image\" data-id=\"057f37e\" data-element_type=\"widget\" data-e-type=\"widget\" data-widget_type=\"image.default\">\n\t\t\t\t<div class=\"elementor-widget-container\">\n\t\t\t\t\t\t\t\t\t\t\t\t\t\t\t<img fetchpriority=\"high\" decoding=\"async\" width=\"499\" height=\"285\" src=\"https:\/\/buerger-mengkofen.de\/wp-content\/uploads\/2024\/03\/Bild4.jpg\" class=\"attachment-large size-large wp-image-2441\" alt=\"\" srcset=\"https:\/\/buerger-mengkofen.de\/wp-content\/uploads\/2024\/03\/Bild4.jpg 499w, https:\/\/buerger-mengkofen.de\/wp-content\/uploads\/2024\/03\/Bild4-300x171.jpg 300w\" sizes=\"(max-width: 499px) 100vw, 499px\" \/>\t\t\t\t\t\t\t\t\t\t\t\t\t\t\t<\/div>\n\t\t\t\t<\/div>\n\t\t\t\t<\/div>\n\t\t<div class=\"elementor-element elementor-element-76cf136 e-con-full e-flex e-con e-child\" data-id=\"76cf136\" data-element_type=\"container\" data-e-type=\"container\">\n\t\t\t\t<div class=\"elementor-element elementor-element-e879fe3 elementor-widget elementor-widget-text-editor\" data-id=\"e879fe3\" data-element_type=\"widget\" data-e-type=\"widget\" data-widget_type=\"text-editor.default\">\n\t\t\t\t<div class=\"elementor-widget-container\">\n\t\t\t\t\t\t\t\t\t<p>Der M\u00fcnchner Flughafen ist mehr als &#8222;nur&#8220; ein Flughafen. Er ist eine ganze Stadt mit allem, was dazu geh\u00f6rt.\u00dcber zwei Terminals bietet der moderne Flughafen die besten Verbindungen in alle Welt. Die Logistik, welche dahinter steht, ist atemberaubend.<br \/>In \u00fcber 150 Gesch\u00e4ften kann man einkaufen\u00a0gehen. F\u00fcr das leibliche Wohl wird durch rund 80 Restaurants gesorgt.<\/p><p>Eine Flughafenrundfahrt vom Besucherzentrum aus f\u00fchrt uns mitten in das Geschehen der Flughafenwelt. Es erwartet uns ein spannender Blick hinter die Kulissen. Wir sehen riesige Flugzeuge beim Starten, beim Landen und Einparken.<br \/>Wichtig: Der g\u00fcltige Personalausweis muss f\u00fcr die Personenkontrolle dabei sein!<\/p>\t\t\t\t\t\t\t\t<\/div>\n\t\t\t\t<\/div>\n\t\t\t\t<\/div>\n\t\t\t\t\t<\/div>\n\t\t\t\t<\/div>\n\t\t<div class=\"elementor-element elementor-element-47dc489 e-flex e-con-boxed e-con e-parent\" data-id=\"47dc489\" data-element_type=\"container\" data-e-type=\"container\">\n\t\t\t\t\t<div class=\"e-con-inner\">\n\t\t<div class=\"elementor-element elementor-element-dd07370 e-con-full e-flex e-con e-child\" data-id=\"dd07370\" data-element_type=\"container\" data-e-type=\"container\">\n\t\t\t\t<div class=\"elementor-element elementor-element-899a97c elementor-widget elementor-widget-text-editor\" data-id=\"899a97c\" data-element_type=\"widget\" data-e-type=\"widget\" data-widget_type=\"text-editor.default\">\n\t\t\t\t<div class=\"elementor-widget-container\">\n\t\t\t\t\t\t\t\t\t<p>Nach dem Mittagessen fahren wir weiter zur Schlossanlage Schlei\u00dfheim.<\/p><p>Das Ensemble aus Neuem Schloss, Altem Schloss, Schloss Lustheim und der weitl\u00e4ufigen barocken Gartenanlage f\u00fchrt bis heute h\u00f6fische Architektur und Gartenkunst des 17. und 18. Jahrhunderts eindrucksvoll vor Augen. Wir erhalten eine 90-min\u00fctige F\u00fchrung im Neuen Schloss Schlei\u00dfheim, wo wir einiges \u00fcber Kurf\u00fcrst Max Emanuel von Bayern erfahren, aber auch \u00fcber die damalige Bau- und M\u00f6belkunst<\/p>\t\t\t\t\t\t\t\t<\/div>\n\t\t\t\t<\/div>\n\t\t\t\t<\/div>\n\t\t<div class=\"elementor-element elementor-element-ef7afae e-con-full e-flex e-con e-child\" data-id=\"ef7afae\" data-element_type=\"container\" data-e-type=\"container\">\n\t\t\t\t<div class=\"elementor-element elementor-element-cd6d61f elementor-widget elementor-widget-image\" data-id=\"cd6d61f\" data-element_type=\"widget\" data-e-type=\"widget\" data-widget_type=\"image.default\">\n\t\t\t\t<div class=\"elementor-widget-container\">\n\t\t\t\t\t\t\t\t\t\t\t\t\t\t\t<img decoding=\"async\" src=\"https:\/\/buerger-mengkofen.de\/wp-content\/uploads\/elementor\/thumbs\/Bild5-e1710245025319-qnm5192gexih4zgpirstp8icqf652mogont8ytry96.png\" title=\"Bild5\" alt=\"Bild5\" loading=\"lazy\" \/>\t\t\t\t\t\t\t\t\t\t\t\t\t\t\t<\/div>\n\t\t\t\t<\/div>\n\t\t\t\t<\/div>\n\t\t\t\t\t<\/div>\n\t\t\t\t<\/div>\n\t\t<div class=\"elementor-element elementor-element-76fc958 e-flex e-con-boxed e-con e-parent\" data-id=\"76fc958\" data-element_type=\"container\" data-e-type=\"container\">\n\t\t\t\t\t<div class=\"e-con-inner\">\n\t\t\t\t<div class=\"elementor-element elementor-element-0b671b3 elementor-widget elementor-widget-text-editor\" data-id=\"0b671b3\" data-element_type=\"widget\" data-e-type=\"widget\" data-widget_type=\"text-editor.default\">\n\t\t\t\t<div class=\"elementor-widget-container\">\n\t\t\t\t\t\t\t\t\t<p>Bai sch\u00f6nem Wetter k\u00f6nnen wir die Gartenanlagen erkunden und dem Biergarten einen Besuch abstatten.<br \/>Anschlie\u00dfend fahren wir zur\u00fcck nach Mengkofen<\/p><p><strong><span style=\"text-decoration: underline;\">Termin<\/span>:\u00a0<br \/><\/strong>Am Mittwoch, 10. Juli 2024 um 08:00 Uhr treffen wir uns in der Allee in Mengkofen.\u00a0<br \/>Anmeldung bei Carolin Fuchs unter 08733\/9392658 bis sp\u00e4testens 15.06.2024<\/p>\t\t\t\t\t\t\t\t<\/div>\n\t\t\t\t<\/div>\n\t\t\t\t\t<\/div>\n\t\t\t\t<\/div>\n\t\t<div class=\"elementor-element elementor-element-2d82278 e-flex e-con-boxed e-con e-parent\" data-id=\"2d82278\" data-element_type=\"container\" data-e-type=\"container\">\n\t\t\t\t\t<div class=\"e-con-inner\">\n\t\t\t\t\t<\/div>\n\t\t\t\t<\/div>\n\t\t\t\t<\/div>\n\t\t","protected":false},"excerpt":{"rendered":"<p>Mittwoch, 10.07.2024 Gro\u00dfer Seniorenausflug zum Flughafen M\u00fcnchen und Schloss Schlei\u00dfheim Der M\u00fcnchner Flughafen ist mehr als &#8222;nur&#8220; ein Flughafen. Er ist eine ganze Stadt mit allem, was dazu geh\u00f6rt.\u00dcber zwei Terminals bietet der moderne Flughafen die besten Verbindungen in alle Welt. Die Logistik, welche dahinter steht, ist atemberaubend.In \u00fcber 150 Gesch\u00e4ften kann man einkaufen\u00a0gehen. F\u00fcr [&hellip;]<\/p>\n","protected":false},"author":1,"featured_media":0,"parent":0,"menu_order":0,"comment_status":"closed","ping_status":"closed","template":"","meta":{"site-sidebar-layout":"no-sidebar","site-content-layout":"","ast-site-content-layout":"full-width-container","site-content-style":"default","site-sidebar-style":"default","ast-global-header-display":"","ast-banner-title-visibility":"","ast-main-header-display":"","ast-hfb-above-header-display":"","ast-hfb-below-header-display":"","ast-hfb-mobile-header-display":"","site-post-title":"disabled","ast-breadcrumbs-content":"","ast-featured-img":"disabled","footer-sml-layout":"","ast-disable-related-posts":"","theme-transparent-header-meta":"","adv-header-id-meta":"","stick-header-meta":"","header-above-stick-meta":"","header-main-stick-meta":"","header-below-stick-meta":"","astra-migrate-meta-layouts":"default","ast-page-background-enabled":"default","ast-page-background-meta":{"desktop":{"background-color":"var(--ast-global-color-4)","background-image":"","background-repeat":"repeat","background-position":"center center","background-size":"auto","background-attachment":"scroll","background-type":"","background-media":"","overlay-type":"","overlay-color":"","overlay-opacity":"","overlay-gradient":""},"tablet":{"background-color":"","background-image":"","background-repeat":"repeat","background-position":"center center","background-size":"auto","background-attachment":"scroll","background-type":"","background-media":"","overlay-type":"","overlay-color":"","overlay-opacity":"","overlay-gradient":""},"mobile":{"background-color":"","background-image":"","background-repeat":"repeat","background-position":"center center","background-size":"auto","background-attachment":"scroll","background-type":"","background-media":"","overlay-type":"","overlay-color":"","overlay-opacity":"","overlay-gradient":""}},"ast-content-background-meta":{"desktop":{"background-color":"var(--ast-global-color-5)","background-image":"","background-repeat":"repeat","background-position":"center center","background-size":"auto","background-attachment":"scroll","background-type":"","background-media":"","overlay-type":"","overlay-color":"","overlay-opacity":"","overlay-gradient":""},"tablet":{"background-color":"var(--ast-global-color-5)","background-image":"","background-repeat":"repeat","background-position":"center center","background-size":"auto","background-attachment":"scroll","background-type":"","background-media":"","overlay-type":"","overlay-color":"","overlay-opacity":"","overlay-gradient":""},"mobile":{"background-color":"var(--ast-global-color-5)","background-image":"","background-repeat":"repeat","background-position":"center center","background-size":"auto","background-attachment":"scroll","background-type":"","background-media":"","overlay-type":"","overlay-color":"","overlay-opacity":"","overlay-gradient":""}},"footnotes":""},"class_list":["post-1174","page","type-page","status-publish","hentry"],"aioseo_notices":[],"jetpack_sharing_enabled":true,"_links":{"self":[{"href":"https:\/\/buerger-mengkofen.de\/index.php\/wp-json\/wp\/v2\/pages\/1174","targetHints":{"allow":["GET"]}}],"collection":[{"href":"https:\/\/buerger-mengkofen.de\/index.php\/wp-json\/wp\/v2\/pages"}],"about":[{"href":"https:\/\/buerger-mengkofen.de\/index.php\/wp-json\/wp\/v2\/types\/page"}],"author":[{"embeddable":true,"href":"https:\/\/buerger-mengkofen.de\/index.php\/wp-json\/wp\/v2\/users\/1"}],"replies":[{"embeddable":true,"href":"https:\/\/buerger-mengkofen.de\/index.php\/wp-json\/wp\/v2\/comments?post=1174"}],"version-history":[{"count":37,"href":"https:\/\/buerger-mengkofen.de\/index.php\/wp-json\/wp\/v2\/pages\/1174\/revisions"}],"predecessor-version":[{"id":2616,"href":"https:\/\/buerger-mengkofen.de\/index.php\/wp-json\/wp\/v2\/pages\/1174\/revisions\/2616"}],"wp:attachment":[{"href":"https:\/\/buerger-mengkofen.de\/index.php\/wp-json\/wp\/v2\/media?parent=1174"}],"curies":[{"name":"wp","href":"https:\/\/api.w.org\/{rel}","templated":true}]}}