{"id":1536,"date":"2023-12-27T22:21:47","date_gmt":"2023-12-27T21:21:47","guid":{"rendered":"https:\/\/buerger-mengkofen.de\/?page_id=1536"},"modified":"2025-12-02T20:41:31","modified_gmt":"2025-12-02T19:41:31","slug":"singen-und-musizieren","status":"publish","type":"page","link":"https:\/\/buerger-mengkofen.de\/index.php\/singen-und-musizieren\/","title":{"rendered":"Singen und Musizieren"},"content":{"rendered":"\t\t<div data-elementor-type=\"wp-page\" data-elementor-id=\"1536\" class=\"elementor elementor-1536\">\n\t\t\t\t<div class=\"elementor-element elementor-element-9377f02 e-flex e-con-boxed e-con e-parent\" data-id=\"9377f02\" data-element_type=\"container\" data-e-type=\"container\">\n\t\t\t\t\t<div class=\"e-con-inner\">\n\t\t\t\t<div class=\"elementor-element elementor-element-f69bca7 elementor-widget elementor-widget-spacer\" data-id=\"f69bca7\" data-element_type=\"widget\" data-e-type=\"widget\" data-widget_type=\"spacer.default\">\n\t\t\t\t<div class=\"elementor-widget-container\">\n\t\t\t\t\t\t\t<div class=\"elementor-spacer\">\n\t\t\t<div class=\"elementor-spacer-inner\"><\/div>\n\t\t<\/div>\n\t\t\t\t\t\t<\/div>\n\t\t\t\t<\/div>\n\t\t\t\t\t<\/div>\n\t\t\t\t<\/div>\n\t\t<div class=\"elementor-element elementor-element-3ff6460 e-flex e-con-boxed elementor-invisible e-con e-parent\" data-id=\"3ff6460\" data-element_type=\"container\" data-e-type=\"container\" data-settings=\"{&quot;animation&quot;:&quot;fadeIn&quot;}\">\n\t\t\t\t\t<div class=\"e-con-inner\">\n\t\t\t\t<div class=\"elementor-element elementor-element-70c59f3 elementor-widget elementor-widget-heading\" data-id=\"70c59f3\" data-element_type=\"widget\" data-e-type=\"widget\" data-widget_type=\"heading.default\">\n\t\t\t\t<div class=\"elementor-widget-container\">\n\t\t\t\t\t<h2 class=\"elementor-heading-title elementor-size-default\">Singen und Musizieren im Seniorenheim<\/h2>\t\t\t\t<\/div>\n\t\t\t\t<\/div>\n\t\t\t\t\t<\/div>\n\t\t\t\t<\/div>\n\t\t<div class=\"elementor-element elementor-element-2734c8e e-flex e-con-boxed e-con e-parent\" data-id=\"2734c8e\" data-element_type=\"container\" data-e-type=\"container\">\n\t\t\t\t\t<div class=\"e-con-inner\">\n\t\t\t\t<div class=\"elementor-element elementor-element-9f15539 elementor-widget elementor-widget-spacer\" data-id=\"9f15539\" data-element_type=\"widget\" data-e-type=\"widget\" data-widget_type=\"spacer.default\">\n\t\t\t\t<div class=\"elementor-widget-container\">\n\t\t\t\t\t\t\t<div class=\"elementor-spacer\">\n\t\t\t<div class=\"elementor-spacer-inner\"><\/div>\n\t\t<\/div>\n\t\t\t\t\t\t<\/div>\n\t\t\t\t<\/div>\n\t\t\t\t\t<\/div>\n\t\t\t\t<\/div>\n\t\t<div class=\"elementor-element elementor-element-ba2f159 e-flex e-con-boxed elementor-invisible e-con e-parent\" data-id=\"ba2f159\" data-element_type=\"container\" data-e-type=\"container\" data-settings=\"{&quot;animation&quot;:&quot;fadeIn&quot;}\">\n\t\t\t\t\t<div class=\"e-con-inner\">\n\t\t<div class=\"elementor-element elementor-element-93ac6a6 e-con-full e-flex e-con e-child\" data-id=\"93ac6a6\" data-element_type=\"container\" data-e-type=\"container\">\n\t\t\t\t<div class=\"elementor-element elementor-element-99f65ef elementor-widget elementor-widget-image\" data-id=\"99f65ef\" data-element_type=\"widget\" data-e-type=\"widget\" data-widget_type=\"image.default\">\n\t\t\t\t<div class=\"elementor-widget-container\">\n\t\t\t\t\t\t\t\t\t\t\t\t\t\t\t<img fetchpriority=\"high\" decoding=\"async\" width=\"640\" height=\"427\" src=\"https:\/\/buerger-mengkofen.de\/wp-content\/uploads\/2025\/12\/folklore-singen_640.jpg\" class=\"attachment-large size-large wp-image-4571\" alt=\"\" srcset=\"https:\/\/buerger-mengkofen.de\/wp-content\/uploads\/2025\/12\/folklore-singen_640.jpg 640w, https:\/\/buerger-mengkofen.de\/wp-content\/uploads\/2025\/12\/folklore-singen_640-300x200.jpg 300w\" sizes=\"(max-width: 640px) 100vw, 640px\" \/>\t\t\t\t\t\t\t\t\t\t\t\t\t\t\t<\/div>\n\t\t\t\t<\/div>\n\t\t\t\t<\/div>\n\t\t<div class=\"elementor-element elementor-element-761858b e-con-full e-flex e-con e-child\" data-id=\"761858b\" data-element_type=\"container\" data-e-type=\"container\">\n\t\t\t\t<div class=\"elementor-element elementor-element-09a6377 elementor-widget elementor-widget-text-editor\" data-id=\"09a6377\" data-element_type=\"widget\" data-e-type=\"widget\" data-widget_type=\"text-editor.default\">\n\t\t\t\t<div class=\"elementor-widget-container\">\n\t\t\t\t\t\t\t\t\t<p>Musik macht Spa\u00df und Freude, kann positive Auswirkungen auf die geistige und k\u00f6rperliche Gesundheit haben und st\u00e4rkt soziale Verbindungen. Auch das Ged\u00e4chtnis wird aktiviert und gef\u00f6rdert, denn oft sind mit den Liedern von fr\u00fcher Bilder und Erinnerungen verkn\u00fcpft.<\/p>\n<p>Gemeinsam mit den Bewohners des Seniorenheims St. Antonius in Mengkofen findet <strong>an jedem 1. Mittwoch im Monat um 15:00 Uhr<\/strong> das gemeinsame Singen und Musizieren statt.<br>Der &#8222;Hausmusiker&#8220; Rupert Schmid motiviert durch Musik und Gesang alle Bewohner und Besucher, so dass alle zusammen eine sch\u00f6ne Zeit verbringen<\/p>\t\t\t\t\t\t\t\t<\/div>\n\t\t\t\t<\/div>\n\t\t\t\t<\/div>\n\t\t\t\t\t<\/div>\n\t\t\t\t<\/div>\n\t\t<div class=\"elementor-element elementor-element-596d2510 e-flex e-con-boxed e-con e-parent\" data-id=\"596d2510\" data-element_type=\"container\" data-e-type=\"container\">\n\t\t\t\t\t<div class=\"e-con-inner\">\n\t\t\t\t<div class=\"elementor-element elementor-element-43db98ac elementor-widget elementor-widget-spacer\" data-id=\"43db98ac\" data-element_type=\"widget\" data-e-type=\"widget\" data-widget_type=\"spacer.default\">\n\t\t\t\t<div class=\"elementor-widget-container\">\n\t\t\t\t\t\t\t<div class=\"elementor-spacer\">\n\t\t\t<div class=\"elementor-spacer-inner\"><\/div>\n\t\t<\/div>\n\t\t\t\t\t\t<\/div>\n\t\t\t\t<\/div>\n\t\t\t\t\t<\/div>\n\t\t\t\t<\/div>\n\t\t<div class=\"elementor-element elementor-element-6b99c6f7 e-flex e-con-boxed e-con e-parent\" data-id=\"6b99c6f7\" data-element_type=\"container\" data-e-type=\"container\">\n\t\t\t\t\t<div class=\"e-con-inner\">\n\t\t\t\t<div class=\"elementor-element elementor-element-1cb0e21c elementor-invisible elementor-widget elementor-widget-text-editor\" data-id=\"1cb0e21c\" data-element_type=\"widget\" data-e-type=\"widget\" data-settings=\"{&quot;_animation&quot;:&quot;fadeIn&quot;}\" data-widget_type=\"text-editor.default\">\n\t\t\t\t<div class=\"elementor-widget-container\">\n\t\t\t\t\t\t\t\t\t<h2>Treffen der Tischharfen-Spieler<\/h2><p>\u00a0<\/p><p><img decoding=\"async\" class=\"alignleft wp-image-4572\" src=\"https:\/\/buerger-mengkofen.de\/wp-content\/uploads\/2025\/12\/Tischharfe.png\" alt=\"\" width=\"120\" height=\"230\" srcset=\"https:\/\/buerger-mengkofen.de\/wp-content\/uploads\/2025\/12\/Tischharfe.png 235w, https:\/\/buerger-mengkofen.de\/wp-content\/uploads\/2025\/12\/Tischharfe-156x300.png 156w\" sizes=\"(max-width: 120px) 100vw, 120px\" \/>Alle zwei Wochen trifft sich der Kreis der Tischharfen-Interessierten zum gemeinsamen Harfenspiel mit Inge Denk im Pfarrheim St. Michael in Mengkofen, um neue Lieder einzu\u00fcben und das bereits erlernte K\u00f6nnen weiter zu vertiefen.<br \/>Interessierte Zuh\u00f6rer sind jederzeit herzlich willkommen.<br \/><br \/>Voraussichtlich startet das Treffen im neuen Jahr am Mittwoch, den 07.01.2026 und findet immer in den geraden Kalenderwochen am Mittwoch um 09:30 Uhr statt.<br \/>Weitere Infos und Anmeldung zur Schnupperstunde bei Inge Denk unter 08733-737<\/p>\t\t\t\t\t\t\t\t<\/div>\n\t\t\t\t<\/div>\n\t\t\t\t\t<\/div>\n\t\t\t\t<\/div>\n\t\t<div class=\"elementor-element elementor-element-d061e57 e-flex e-con-boxed e-con e-parent\" data-id=\"d061e57\" data-element_type=\"container\" data-e-type=\"container\">\n\t\t\t\t\t<div class=\"e-con-inner\">\n\t\t\t\t<div class=\"elementor-element elementor-element-2218b41 elementor-widget elementor-widget-spacer\" data-id=\"2218b41\" data-element_type=\"widget\" data-e-type=\"widget\" data-widget_type=\"spacer.default\">\n\t\t\t\t<div class=\"elementor-widget-container\">\n\t\t\t\t\t\t\t<div class=\"elementor-spacer\">\n\t\t\t<div class=\"elementor-spacer-inner\"><\/div>\n\t\t<\/div>\n\t\t\t\t\t\t<\/div>\n\t\t\t\t<\/div>\n\t\t\t\t\t<\/div>\n\t\t\t\t<\/div>\n\t\t<div class=\"elementor-element elementor-element-c709ab4 e-flex e-con-boxed e-con e-parent\" data-id=\"c709ab4\" data-element_type=\"container\" data-e-type=\"container\">\n\t\t\t\t\t<div class=\"e-con-inner\">\n\t\t\t\t<div class=\"elementor-element elementor-element-dbb0a22 elementor-widget elementor-widget-spacer\" data-id=\"dbb0a22\" data-element_type=\"widget\" data-e-type=\"widget\" data-widget_type=\"spacer.default\">\n\t\t\t\t<div class=\"elementor-widget-container\">\n\t\t\t\t\t\t\t<div class=\"elementor-spacer\">\n\t\t\t<div class=\"elementor-spacer-inner\"><\/div>\n\t\t<\/div>\n\t\t\t\t\t\t<\/div>\n\t\t\t\t<\/div>\n\t\t\t\t\t<\/div>\n\t\t\t\t<\/div>\n\t\t\t\t<\/div>\n\t\t","protected":false},"excerpt":{"rendered":"<p>Singen und Musizieren im Seniorenheim Musik macht Spa\u00df und Freude, kann positive Auswirkungen auf die geistige und k\u00f6rperliche Gesundheit haben und st\u00e4rkt soziale Verbindungen. Auch das Ged\u00e4chtnis wird aktiviert und gef\u00f6rdert, denn oft sind mit den Liedern von fr\u00fcher Bilder und Erinnerungen verkn\u00fcpft. Gemeinsam mit den Bewohners des Seniorenheims St. Antonius in Mengkofen findet an [&hellip;]<\/p>\n","protected":false},"author":1,"featured_media":0,"parent":0,"menu_order":0,"comment_status":"closed","ping_status":"closed","template":"","meta":{"site-sidebar-layout":"no-sidebar","site-content-layout":"","ast-site-content-layout":"full-width-container","site-content-style":"default","site-sidebar-style":"default","ast-global-header-display":"","ast-banner-title-visibility":"","ast-main-header-display":"","ast-hfb-above-header-display":"","ast-hfb-below-header-display":"","ast-hfb-mobile-header-display":"","site-post-title":"disabled","ast-breadcrumbs-content":"","ast-featured-img":"disabled","footer-sml-layout":"","ast-disable-related-posts":"","theme-transparent-header-meta":"","adv-header-id-meta":"","stick-header-meta":"","header-above-stick-meta":"","header-main-stick-meta":"","header-below-stick-meta":"","astra-migrate-meta-layouts":"default","ast-page-background-enabled":"default","ast-page-background-meta":{"desktop":{"background-color":"var(--ast-global-color-4)","background-image":"","background-repeat":"repeat","background-position":"center center","background-size":"auto","background-attachment":"scroll","background-type":"","background-media":"","overlay-type":"","overlay-color":"","overlay-opacity":"","overlay-gradient":""},"tablet":{"background-color":"","background-image":"","background-repeat":"repeat","background-position":"center center","background-size":"auto","background-attachment":"scroll","background-type":"","background-media":"","overlay-type":"","overlay-color":"","overlay-opacity":"","overlay-gradient":""},"mobile":{"background-color":"","background-image":"","background-repeat":"repeat","background-position":"center center","background-size":"auto","background-attachment":"scroll","background-type":"","background-media":"","overlay-type":"","overlay-color":"","overlay-opacity":"","overlay-gradient":""}},"ast-content-background-meta":{"desktop":{"background-color":"var(--ast-global-color-5)","background-image":"","background-repeat":"repeat","background-position":"center center","background-size":"auto","background-attachment":"scroll","background-type":"","background-media":"","overlay-type":"","overlay-color":"","overlay-opacity":"","overlay-gradient":""},"tablet":{"background-color":"var(--ast-global-color-5)","background-image":"","background-repeat":"repeat","background-position":"center center","background-size":"auto","background-attachment":"scroll","background-type":"","background-media":"","overlay-type":"","overlay-color":"","overlay-opacity":"","overlay-gradient":""},"mobile":{"background-color":"var(--ast-global-color-5)","background-image":"","background-repeat":"repeat","background-position":"center center","background-size":"auto","background-attachment":"scroll","background-type":"","background-media":"","overlay-type":"","overlay-color":"","overlay-opacity":"","overlay-gradient":""}},"footnotes":""},"class_list":["post-1536","page","type-page","status-publish","hentry"],"aioseo_notices":[],"jetpack_sharing_enabled":true,"_links":{"self":[{"href":"https:\/\/buerger-mengkofen.de\/index.php\/wp-json\/wp\/v2\/pages\/1536","targetHints":{"allow":["GET"]}}],"collection":[{"href":"https:\/\/buerger-mengkofen.de\/index.php\/wp-json\/wp\/v2\/pages"}],"about":[{"href":"https:\/\/buerger-mengkofen.de\/index.php\/wp-json\/wp\/v2\/types\/page"}],"author":[{"embeddable":true,"href":"https:\/\/buerger-mengkofen.de\/index.php\/wp-json\/wp\/v2\/users\/1"}],"replies":[{"embeddable":true,"href":"https:\/\/buerger-mengkofen.de\/index.php\/wp-json\/wp\/v2\/comments?post=1536"}],"version-history":[{"count":25,"href":"https:\/\/buerger-mengkofen.de\/index.php\/wp-json\/wp\/v2\/pages\/1536\/revisions"}],"predecessor-version":[{"id":4578,"href":"https:\/\/buerger-mengkofen.de\/index.php\/wp-json\/wp\/v2\/pages\/1536\/revisions\/4578"}],"wp:attachment":[{"href":"https:\/\/buerger-mengkofen.de\/index.php\/wp-json\/wp\/v2\/media?parent=1536"}],"curies":[{"name":"wp","href":"https:\/\/api.w.org\/{rel}","templated":true}]}}