{"id":2933,"date":"2024-03-22T11:06:36","date_gmt":"2024-03-22T10:06:36","guid":{"rendered":"https:\/\/buerger-mengkofen.de\/?page_id=2933"},"modified":"2024-07-08T21:20:32","modified_gmt":"2024-07-08T20:20:32","slug":"nachbarschaftshilfe","status":"publish","type":"page","link":"https:\/\/buerger-mengkofen.de\/index.php\/nachbarschaftshilfe\/","title":{"rendered":"Nachbarschaftshilfe"},"content":{"rendered":"\t\t<div data-elementor-type=\"wp-page\" data-elementor-id=\"2933\" class=\"elementor elementor-2933\">\n\t\t\t\t<div class=\"elementor-element elementor-element-3fef8f3 e-flex e-con-boxed e-con e-parent\" data-id=\"3fef8f3\" data-element_type=\"container\" data-e-type=\"container\">\n\t\t\t\t\t<div class=\"e-con-inner\">\n\t\t\t\t<div class=\"elementor-element elementor-element-62a2485 elementor-widget elementor-widget-spacer\" data-id=\"62a2485\" data-element_type=\"widget\" data-e-type=\"widget\" data-widget_type=\"spacer.default\">\n\t\t\t\t<div class=\"elementor-widget-container\">\n\t\t\t\t\t\t\t<div class=\"elementor-spacer\">\n\t\t\t<div class=\"elementor-spacer-inner\"><\/div>\n\t\t<\/div>\n\t\t\t\t\t\t<\/div>\n\t\t\t\t<\/div>\n\t\t\t\t\t<\/div>\n\t\t\t\t<\/div>\n\t\t<div class=\"elementor-element elementor-element-fc57dbe e-flex e-con-boxed elementor-invisible e-con e-parent\" data-id=\"fc57dbe\" data-element_type=\"container\" data-e-type=\"container\" data-settings=\"{&quot;animation&quot;:&quot;fadeIn&quot;}\">\n\t\t\t\t\t<div class=\"e-con-inner\">\n\t\t\t\t<div class=\"elementor-element elementor-element-f544984 elementor-widget elementor-widget-heading\" data-id=\"f544984\" data-element_type=\"widget\" data-e-type=\"widget\" data-widget_type=\"heading.default\">\n\t\t\t\t<div class=\"elementor-widget-container\">\n\t\t\t\t\t<h2 class=\"elementor-heading-title elementor-size-default\">Die Nachbarschaftshilfe<\/h2>\t\t\t\t<\/div>\n\t\t\t\t<\/div>\n\t\t\t\t\t<\/div>\n\t\t\t\t<\/div>\n\t\t<div class=\"elementor-element elementor-element-731940e e-flex e-con-boxed elementor-invisible e-con e-parent\" data-id=\"731940e\" data-element_type=\"container\" data-e-type=\"container\" data-settings=\"{&quot;animation&quot;:&quot;fadeIn&quot;}\">\n\t\t\t\t\t<div class=\"e-con-inner\">\n\t\t\t\t<div class=\"elementor-element elementor-element-7f8a626 elementor-widget elementor-widget-shortcode\" data-id=\"7f8a626\" data-element_type=\"widget\" data-e-type=\"widget\" data-widget_type=\"shortcode.default\">\n\t\t\t\t<div class=\"elementor-widget-container\">\n\t\t\t\t\t\t\t<div class=\"elementor-shortcode\"><div class=\"_df_book df-lite\" id=\"df_3243\"  _slug=\"nachbarschaftshilfe\" data-title=\"nachbarschaftshilfe\" wpoptions=\"true\" thumbtype=\"\" ><\/div><script class=\"df-shortcode-script\" nowprocket type=\"application\/javascript\">window.option_df_3243 = {\"outline\":[],\"backgroundColor\":\"#F5F5F5\",\"autoEnableOutline\":\"false\",\"autoEnableThumbnail\":\"false\",\"overwritePDFOutline\":\"false\",\"direction\":\"1\",\"pageSize\":\"0\",\"source\":\"https:\\\/\\\/buerger-mengkofen.de\\\/wp-content\\\/uploads\\\/2025\\\/07\\\/Flyer_Schulung-Termine-2025.pdf\",\"wpOptions\":\"true\"}; if(window.DFLIP && window.DFLIP.parseBooks){window.DFLIP.parseBooks();}<\/script><\/div>\n\t\t\t\t\t\t<\/div>\n\t\t\t\t<\/div>\n\t\t\t\t\t<\/div>\n\t\t\t\t<\/div>\n\t\t<div class=\"elementor-element elementor-element-88e7b6a e-flex e-con-boxed elementor-invisible e-con e-parent\" data-id=\"88e7b6a\" data-element_type=\"container\" data-e-type=\"container\" data-settings=\"{&quot;animation&quot;:&quot;fadeIn&quot;}\">\n\t\t\t\t\t<div class=\"e-con-inner\">\n\t\t\t\t<div class=\"elementor-element elementor-element-b8aa5c4 elementor-widget elementor-widget-text-editor\" data-id=\"b8aa5c4\" data-element_type=\"widget\" data-e-type=\"widget\" data-widget_type=\"text-editor.default\">\n\t\t\t\t<div class=\"elementor-widget-container\">\n\t\t\t\t\t\t\t\t\t<p style=\"text-align: left;\">Wir sind aktuell 30 aktive Frauen und M\u00e4nner.<br \/>Im Jahr 2023 haben wir insgesamt 2035 Stunden ehrenamtlich erbracht und haben mehr als 12.000 km mit unseren privaten PKWs zur\u00fcckgelegt.<\/p><p style=\"text-align: left;\">Wir helfen bei folgenden Themen:<\/p><p style=\"text-align: left;\">&#8211;<strong> Besuchsdienste<\/strong> f\u00fcr Pflegebed\u00fcrftige zur Entlastung der pflegenden Angeh\u00f6rigen<br \/>&#8211;<strong> Fahrdienste<\/strong>, z.B. zum Arzt, Einkaufen, Bank, Friedhof usw.<br \/>&#8211;<strong> Unterst\u00fctzung beim Ausf\u00fcllen<\/strong> von Antr\u00e4gen<\/p><p style=\"text-align: left;\">Der Betreuungsbereich erstreckt sich \u00fcber das Gemeindegebiet Mengkofen.<\/p><p>Die Helfer sind \u00fcber eine Unfall-, Haftpflicht- und eine Dienstrahmenreiseversicherung bei der Nutzung ihres eigenen PKWs versichert.<br \/>Zudem bieten wir eine <strong>monatliche Sprechstunde<\/strong>, in der wir zu den Themen Pflegegrad, Leistungen der Pflegekasse, Vorsorgevollmachten etc. beraten.<br \/>Alle unsere Helferinnen und Helfer haben eine Schulung nach \u00a745c SGB XI durchlaufen. Somit sind wir berechtigt mit den Pflegekassen abzurechnen.<\/p>\t\t\t\t\t\t\t\t<\/div>\n\t\t\t\t<\/div>\n\t\t\t\t\t<\/div>\n\t\t\t\t<\/div>\n\t\t<div class=\"elementor-element elementor-element-e5d7626 e-flex e-con-boxed elementor-invisible e-con e-parent\" data-id=\"e5d7626\" data-element_type=\"container\" data-e-type=\"container\" data-settings=\"{&quot;animation&quot;:&quot;fadeIn&quot;}\">\n\t\t\t\t\t<div class=\"e-con-inner\">\n\t\t\t\t<div class=\"elementor-element elementor-element-49256c6 elementor-widget elementor-widget-image\" data-id=\"49256c6\" data-element_type=\"widget\" data-e-type=\"widget\" data-widget_type=\"image.default\">\n\t\t\t\t<div class=\"elementor-widget-container\">\n\t\t\t\t\t\t\t\t\t\t\t\t\t\t\t<img fetchpriority=\"high\" decoding=\"async\" width=\"768\" height=\"321\" src=\"https:\/\/buerger-mengkofen.de\/wp-content\/uploads\/2024\/07\/05_IMG_20240506_185153Schnitt-768x321.jpg\" class=\"attachment-medium_large size-medium_large wp-image-3965\" alt=\"\" srcset=\"https:\/\/buerger-mengkofen.de\/wp-content\/uploads\/2024\/07\/05_IMG_20240506_185153Schnitt-768x321.jpg 768w, https:\/\/buerger-mengkofen.de\/wp-content\/uploads\/2024\/07\/05_IMG_20240506_185153Schnitt-300x125.jpg 300w, https:\/\/buerger-mengkofen.de\/wp-content\/uploads\/2024\/07\/05_IMG_20240506_185153Schnitt-1024x428.jpg 1024w, https:\/\/buerger-mengkofen.de\/wp-content\/uploads\/2024\/07\/05_IMG_20240506_185153Schnitt-1536x642.jpg 1536w, https:\/\/buerger-mengkofen.de\/wp-content\/uploads\/2024\/07\/05_IMG_20240506_185153Schnitt-2048x856.jpg 2048w\" sizes=\"(max-width: 768px) 100vw, 768px\" \/>\t\t\t\t\t\t\t\t\t\t\t\t\t\t\t<\/div>\n\t\t\t\t<\/div>\n\t\t\t\t\t<\/div>\n\t\t\t\t<\/div>\n\t\t<div class=\"elementor-element elementor-element-9a24907 e-flex e-con-boxed e-con e-parent\" data-id=\"9a24907\" data-element_type=\"container\" data-e-type=\"container\">\n\t\t\t\t\t<div class=\"e-con-inner\">\n\t\t\t\t<div class=\"elementor-element elementor-element-53cc36b elementor-widget elementor-widget-spacer\" data-id=\"53cc36b\" data-element_type=\"widget\" data-e-type=\"widget\" data-widget_type=\"spacer.default\">\n\t\t\t\t<div class=\"elementor-widget-container\">\n\t\t\t\t\t\t\t<div class=\"elementor-spacer\">\n\t\t\t<div class=\"elementor-spacer-inner\"><\/div>\n\t\t<\/div>\n\t\t\t\t\t\t<\/div>\n\t\t\t\t<\/div>\n\t\t\t\t\t<\/div>\n\t\t\t\t<\/div>\n\t\t\t\t<\/div>\n\t\t","protected":false},"excerpt":{"rendered":"<p>Die Nachbarschaftshilfe Wir sind aktuell 30 aktive Frauen und M\u00e4nner.Im Jahr 2023 haben wir insgesamt 2035 Stunden ehrenamtlich erbracht und haben mehr als 12.000 km mit unseren privaten PKWs zur\u00fcckgelegt. Wir helfen bei folgenden Themen: &#8211; Besuchsdienste f\u00fcr Pflegebed\u00fcrftige zur Entlastung der pflegenden Angeh\u00f6rigen&#8211; Fahrdienste, z.B. zum Arzt, Einkaufen, Bank, Friedhof usw.&#8211; Unterst\u00fctzung beim Ausf\u00fcllen [&hellip;]<\/p>\n","protected":false},"author":1,"featured_media":0,"parent":0,"menu_order":0,"comment_status":"closed","ping_status":"closed","template":"","meta":{"site-sidebar-layout":"no-sidebar","site-content-layout":"","ast-site-content-layout":"full-width-container","site-content-style":"default","site-sidebar-style":"default","ast-global-header-display":"","ast-banner-title-visibility":"","ast-main-header-display":"","ast-hfb-above-header-display":"","ast-hfb-below-header-display":"","ast-hfb-mobile-header-display":"","site-post-title":"disabled","ast-breadcrumbs-content":"","ast-featured-img":"disabled","footer-sml-layout":"","ast-disable-related-posts":"","theme-transparent-header-meta":"","adv-header-id-meta":"","stick-header-meta":"","header-above-stick-meta":"","header-main-stick-meta":"","header-below-stick-meta":"","astra-migrate-meta-layouts":"default","ast-page-background-enabled":"default","ast-page-background-meta":{"desktop":{"background-color":"var(--ast-global-color-4)","background-image":"","background-repeat":"repeat","background-position":"center center","background-size":"auto","background-attachment":"scroll","background-type":"","background-media":"","overlay-type":"","overlay-color":"","overlay-opacity":"","overlay-gradient":""},"tablet":{"background-color":"","background-image":"","background-repeat":"repeat","background-position":"center center","background-size":"auto","background-attachment":"scroll","background-type":"","background-media":"","overlay-type":"","overlay-color":"","overlay-opacity":"","overlay-gradient":""},"mobile":{"background-color":"","background-image":"","background-repeat":"repeat","background-position":"center center","background-size":"auto","background-attachment":"scroll","background-type":"","background-media":"","overlay-type":"","overlay-color":"","overlay-opacity":"","overlay-gradient":""}},"ast-content-background-meta":{"desktop":{"background-color":"var(--ast-global-color-5)","background-image":"","background-repeat":"repeat","background-position":"center center","background-size":"auto","background-attachment":"scroll","background-type":"","background-media":"","overlay-type":"","overlay-color":"","overlay-opacity":"","overlay-gradient":""},"tablet":{"background-color":"var(--ast-global-color-5)","background-image":"","background-repeat":"repeat","background-position":"center center","background-size":"auto","background-attachment":"scroll","background-type":"","background-media":"","overlay-type":"","overlay-color":"","overlay-opacity":"","overlay-gradient":""},"mobile":{"background-color":"var(--ast-global-color-5)","background-image":"","background-repeat":"repeat","background-position":"center center","background-size":"auto","background-attachment":"scroll","background-type":"","background-media":"","overlay-type":"","overlay-color":"","overlay-opacity":"","overlay-gradient":""}},"footnotes":""},"class_list":["post-2933","page","type-page","status-publish","hentry"],"aioseo_notices":[],"jetpack_sharing_enabled":true,"_links":{"self":[{"href":"https:\/\/buerger-mengkofen.de\/index.php\/wp-json\/wp\/v2\/pages\/2933","targetHints":{"allow":["GET"]}}],"collection":[{"href":"https:\/\/buerger-mengkofen.de\/index.php\/wp-json\/wp\/v2\/pages"}],"about":[{"href":"https:\/\/buerger-mengkofen.de\/index.php\/wp-json\/wp\/v2\/types\/page"}],"author":[{"embeddable":true,"href":"https:\/\/buerger-mengkofen.de\/index.php\/wp-json\/wp\/v2\/users\/1"}],"replies":[{"embeddable":true,"href":"https:\/\/buerger-mengkofen.de\/index.php\/wp-json\/wp\/v2\/comments?post=2933"}],"version-history":[{"count":91,"href":"https:\/\/buerger-mengkofen.de\/index.php\/wp-json\/wp\/v2\/pages\/2933\/revisions"}],"predecessor-version":[{"id":3969,"href":"https:\/\/buerger-mengkofen.de\/index.php\/wp-json\/wp\/v2\/pages\/2933\/revisions\/3969"}],"wp:attachment":[{"href":"https:\/\/buerger-mengkofen.de\/index.php\/wp-json\/wp\/v2\/media?parent=2933"}],"curies":[{"name":"wp","href":"https:\/\/api.w.org\/{rel}","templated":true}]}}