{"id":2999,"date":"2024-03-23T18:29:37","date_gmt":"2024-03-23T17:29:37","guid":{"rendered":"https:\/\/buerger-mengkofen.de\/?page_id=2999"},"modified":"2024-04-16T14:42:15","modified_gmt":"2024-04-16T13:42:15","slug":"2022-2","status":"publish","type":"page","link":"https:\/\/buerger-mengkofen.de\/index.php\/2022-2\/","title":{"rendered":"2022"},"content":{"rendered":"\t\t<div data-elementor-type=\"wp-page\" data-elementor-id=\"2999\" class=\"elementor elementor-2999\">\n\t\t\t\t<div class=\"elementor-element elementor-element-31758a3f e-flex e-con-boxed e-con e-parent\" data-id=\"31758a3f\" data-element_type=\"container\" data-e-type=\"container\">\n\t\t\t\t\t<div class=\"e-con-inner\">\n\t\t\t\t<div class=\"elementor-element elementor-element-583cd09d elementor-widget elementor-widget-spacer\" data-id=\"583cd09d\" data-element_type=\"widget\" data-e-type=\"widget\" data-widget_type=\"spacer.default\">\n\t\t\t\t<div class=\"elementor-widget-container\">\n\t\t\t\t\t\t\t<div class=\"elementor-spacer\">\n\t\t\t<div class=\"elementor-spacer-inner\"><\/div>\n\t\t<\/div>\n\t\t\t\t\t\t<\/div>\n\t\t\t\t<\/div>\n\t\t\t\t\t<\/div>\n\t\t\t\t<\/div>\n\t\t<div class=\"elementor-element elementor-element-774142b9 e-flex e-con-boxed e-con e-parent\" data-id=\"774142b9\" data-element_type=\"container\" data-e-type=\"container\">\n\t\t\t\t\t<div class=\"e-con-inner\">\n\t\t\t\t<div class=\"elementor-element elementor-element-56e76cb5 elementor-invisible elementor-widget elementor-widget-text-editor\" data-id=\"56e76cb5\" data-element_type=\"widget\" data-e-type=\"widget\" data-settings=\"{&quot;_animation&quot;:&quot;fadeIn&quot;}\" data-widget_type=\"text-editor.default\">\n\t\t\t\t<div class=\"elementor-widget-container\">\n\t\t\t\t\t\t\t\t\t<div class=\"elementor-element elementor-element-094e499 e-flex e-con-boxed e-con e-parent\" data-id=\"094e499\" data-element_type=\"container\" data-core-v316-plus=\"true\">\n<div class=\"e-con-inner\">\n<div class=\"elementor-element elementor-element-aebd3ca elementor-widget elementor-widget-heading\" data-id=\"aebd3ca\" data-element_type=\"widget\" data-widget_type=\"heading.default\">\n<div class=\"elementor-widget-container\">\n<h3 class=\"elementor-heading-title elementor-size-default\">Adventliche Feier 2022<\/h3>\n<\/div>\n<\/div>\n<\/div>\n<\/div>\n<div class=\"elementor-element elementor-element-34d3efa e-flex e-con-boxed e-con e-parent\" data-id=\"34d3efa\" data-element_type=\"container\" data-core-v316-plus=\"true\">\n<div class=\"e-con-inner\">\n<div class=\"elementor-element elementor-element-53dec5f e-con-full e-flex e-con e-child\" data-id=\"53dec5f\" data-element_type=\"container\"><img fetchpriority=\"high\" decoding=\"async\" class=\"wp-image-2750\" style=\"font-style: inherit; font-weight: 600;\" src=\"https:\/\/buerger-mengkofen.de\/wp-content\/uploads\/2024\/03\/In-der-Weihnachtsbaeckerei-scaled-e1710847881837-300x218.jpg\" alt=\"\" width=\"700\" height=\"509\" srcset=\"https:\/\/buerger-mengkofen.de\/wp-content\/uploads\/2024\/03\/In-der-Weihnachtsbaeckerei-scaled-e1710847881837-300x218.jpg 300w, https:\/\/buerger-mengkofen.de\/wp-content\/uploads\/2024\/03\/In-der-Weihnachtsbaeckerei-scaled-e1710847881837-1024x744.jpg 1024w, https:\/\/buerger-mengkofen.de\/wp-content\/uploads\/2024\/03\/In-der-Weihnachtsbaeckerei-scaled-e1710847881837-768x558.jpg 768w, https:\/\/buerger-mengkofen.de\/wp-content\/uploads\/2024\/03\/In-der-Weihnachtsbaeckerei-scaled-e1710847881837-1536x1116.jpg 1536w, https:\/\/buerger-mengkofen.de\/wp-content\/uploads\/2024\/03\/In-der-Weihnachtsbaeckerei-scaled-e1710847881837-2048x1488.jpg 2048w\" sizes=\"(max-width: 700px) 100vw, 700px\" \/><\/div>\n<div class=\"elementor-element elementor-element-2e26f49 e-con-full e-flex e-con e-child\" data-id=\"2e26f49\" data-element_type=\"container\">\n<div class=\"elementor-element elementor-element-4785440 elementor-widget elementor-widget-image\" data-id=\"4785440\" data-element_type=\"widget\" data-widget_type=\"image.default\">\n<div class=\"elementor-widget-container\" style=\"text-align: left;\">\n<figure class=\"wp-caption alignleft\" data-wp-editing=\"1\">&#8222;In der Weihnachtsb\u00e4ckerei&#8220; Kindergarten singt f\u00fcr die G\u00e4ste.<\/figure>\n<figure data-wp-editing=\"1\"><\/figure>\n<figure data-wp-editing=\"1\"><\/figure>\n<figure class=\"wp-caption alignleft\" data-wp-editing=\"1\">Die Kinder vom Haus f\u00fcr Familie kamen als G\u00e4ste zur Adventsfeier der Senioren. Mit besinnlichen Geschichten stimmten Regina Steubl, Elisabeth Ammer und Wolfgang Schwarz die Besucher auf den Nachmittag ein. Bevor Carolin Fuchs und Elisabeth Bude mit ihrem Beitrag f\u00fcr viele Lacher sorgten. Das Trio Chordia umrahmte den Nachmittag mit feierlichen vorweihnachtlichen Kl\u00e4ngen. Der Vorsitzende Richard Baumgartner hatte bei der Begr\u00fc\u00dfung seine Freude \u00fcber den zahlreichen Besuch zum Ausdruck gebracht. Besonders hie\u00df er B\u00fcrgermeister Thomas Hieninger willkommen. Bei einem kurzen Gru\u00dfwort lobte das Gemeindeoberhaupt das Engagement im gesellschaftlichen Bereich sowie die ehrenamtlichen Dienste im Rahmen der Nachbarschaftshilfe <span style=\"font-size: 16px;\">f\u00fcr Pflegebed\u00fcrftige.<\/span><\/figure>\n<figure class=\"wp-caption alignleft\" data-wp-editing=\"1\"><span style=\"font-size: 16px;\">\n<br>Die Vorschulkinder des Hauses f\u00fcr Familie er\u00f6ffneten die Feier mit dem Lied \u201eIn der Weihnachtsb\u00e4ckerei.\u201c Daf\u00fcr hatte der Nikolaus f\u00fcr die Kleinen und ihre Betreuerinnen den Verantwortlichen vom Verein BfB bereits S\u00fc\u00dfigkeiten bereitgestellt. Mit dem gemeinsamen Gesang \u201eO Heiland rei\u00df die Himmel auf\u201c, begleitet vom Trio Chordia \u2013 Jula Gorst (E-Piano) Inge Denk (Veeh Harfe) Rita Haslbeck (Zither) \u2013 den besinnlichen Teil des Nachmittags. Es folgten besinnliche Geschichten zur Advents- und Weihnachtszeit von Regina Steubl, Elisabeth Ammer und Wolfgang Schwarz. Wobei zwischendurch immer wieder gemeinschaftliche Lieder gesungen wurden. Mit dem \u201eWeihnachtsessen\u201c hatten Elisabeth Bude und Carolin Fuchs viele Lacher auf ihrer Seite.<\/span><\/figure>\n<figure class=\"wp-caption alignleft\" data-wp-editing=\"1\"><span style=\"font-size: 16px;\"><br>Die Damen des Vereins servierten zur Pause Gl\u00fchwein, Punsch und Stollen. Die Vorstandschaft hat auch f\u00fcr 2023 wieder ein umfangreiches, weitfassendes Programmangebot f\u00fcr die \u00e4ltere Generation vorbereitet, das zur Seniorenzeitung und dem mit der 5. Auflage neu erschienenen \u201eWegweiser f\u00fcr Senioren und deren Angeh\u00f6rige\u201c des Landkreises verteilt wurde. <\/span><span style=\"font-size: 16px;\">Richard Baumgartner bedankte sich bei allen ehrenamtlichen Helfern mit kleinen Pr\u00e4senten f\u00fcr die Arbeit, die sie das Jahr \u00fcber f\u00fcr die Vereinsaktivit\u00e4ten geleistet haben. Er betonte, dass diese gemeinsamen Leistungen und die umfangreichen Aktivit\u00e4ten des Vereins mit seinen 250 Mitgliedern das Miteinander pr\u00e4gen. Abschlie\u00dfend w\u00fcnschte er allen eine besinnliche Adventszeit, ein gesegnetes Weihnachtsfest und f\u00fcr 2023 vor allem Gesundheit. Bei einer gemeinsamen W\u00fcrstelbrotzeit klang der Nachmittag aus.<\/span><\/figure>\n<\/div>\n<\/div>\n<\/div>\n<\/div>\n<\/div>\t\t\t\t\t\t\t\t<\/div>\n\t\t\t\t<\/div>\n\t\t\t\t\t<\/div>\n\t\t\t\t<\/div>\n\t\t<div class=\"elementor-element elementor-element-1cbb530 e-flex e-con-boxed e-con e-parent\" data-id=\"1cbb530\" data-element_type=\"container\" data-e-type=\"container\">\n\t\t\t\t\t<div class=\"e-con-inner\">\n\t\t\t\t<div class=\"elementor-element elementor-element-90ca22b elementor-widget elementor-widget-spacer\" data-id=\"90ca22b\" data-element_type=\"widget\" data-e-type=\"widget\" data-widget_type=\"spacer.default\">\n\t\t\t\t<div class=\"elementor-widget-container\">\n\t\t\t\t\t\t\t<div class=\"elementor-spacer\">\n\t\t\t<div class=\"elementor-spacer-inner\"><\/div>\n\t\t<\/div>\n\t\t\t\t\t\t<\/div>\n\t\t\t\t<\/div>\n\t\t\t\t\t<\/div>\n\t\t\t\t<\/div>\n\t\t\t\t<\/div>\n\t\t","protected":false},"excerpt":{"rendered":"<p>Adventliche Feier 2022 &#8222;In der Weihnachtsb\u00e4ckerei&#8220; Kindergarten singt f\u00fcr die G\u00e4ste. Die Kinder vom Haus f\u00fcr Familie kamen als G\u00e4ste zur Adventsfeier der Senioren. Mit besinnlichen Geschichten stimmten Regina Steubl, Elisabeth Ammer und Wolfgang Schwarz die Besucher auf den Nachmittag ein. Bevor Carolin Fuchs und Elisabeth Bude mit ihrem Beitrag f\u00fcr viele Lacher sorgten. Das [&hellip;]<\/p>\n","protected":false},"author":1,"featured_media":0,"parent":0,"menu_order":0,"comment_status":"closed","ping_status":"closed","template":"","meta":{"site-sidebar-layout":"no-sidebar","site-content-layout":"","ast-site-content-layout":"full-width-container","site-content-style":"default","site-sidebar-style":"default","ast-global-header-display":"","ast-banner-title-visibility":"","ast-main-header-display":"","ast-hfb-above-header-display":"","ast-hfb-below-header-display":"","ast-hfb-mobile-header-display":"","site-post-title":"disabled","ast-breadcrumbs-content":"","ast-featured-img":"disabled","footer-sml-layout":"","ast-disable-related-posts":"","theme-transparent-header-meta":"","adv-header-id-meta":"","stick-header-meta":"","header-above-stick-meta":"","header-main-stick-meta":"","header-below-stick-meta":"","astra-migrate-meta-layouts":"default","ast-page-background-enabled":"default","ast-page-background-meta":{"desktop":{"background-color":"var(--ast-global-color-4)","background-image":"","background-repeat":"repeat","background-position":"center center","background-size":"auto","background-attachment":"scroll","background-type":"","background-media":"","overlay-type":"","overlay-color":"","overlay-opacity":"","overlay-gradient":""},"tablet":{"background-color":"","background-image":"","background-repeat":"repeat","background-position":"center center","background-size":"auto","background-attachment":"scroll","background-type":"","background-media":"","overlay-type":"","overlay-color":"","overlay-opacity":"","overlay-gradient":""},"mobile":{"background-color":"","background-image":"","background-repeat":"repeat","background-position":"center center","background-size":"auto","background-attachment":"scroll","background-type":"","background-media":"","overlay-type":"","overlay-color":"","overlay-opacity":"","overlay-gradient":""}},"ast-content-background-meta":{"desktop":{"background-color":"var(--ast-global-color-5)","background-image":"","background-repeat":"repeat","background-position":"center center","background-size":"auto","background-attachment":"scroll","background-type":"","background-media":"","overlay-type":"","overlay-color":"","overlay-opacity":"","overlay-gradient":""},"tablet":{"background-color":"var(--ast-global-color-5)","background-image":"","background-repeat":"repeat","background-position":"center center","background-size":"auto","background-attachment":"scroll","background-type":"","background-media":"","overlay-type":"","overlay-color":"","overlay-opacity":"","overlay-gradient":""},"mobile":{"background-color":"var(--ast-global-color-5)","background-image":"","background-repeat":"repeat","background-position":"center center","background-size":"auto","background-attachment":"scroll","background-type":"","background-media":"","overlay-type":"","overlay-color":"","overlay-opacity":"","overlay-gradient":""}},"footnotes":""},"class_list":["post-2999","page","type-page","status-publish","hentry"],"aioseo_notices":[],"jetpack_sharing_enabled":true,"_links":{"self":[{"href":"https:\/\/buerger-mengkofen.de\/index.php\/wp-json\/wp\/v2\/pages\/2999","targetHints":{"allow":["GET"]}}],"collection":[{"href":"https:\/\/buerger-mengkofen.de\/index.php\/wp-json\/wp\/v2\/pages"}],"about":[{"href":"https:\/\/buerger-mengkofen.de\/index.php\/wp-json\/wp\/v2\/types\/page"}],"author":[{"embeddable":true,"href":"https:\/\/buerger-mengkofen.de\/index.php\/wp-json\/wp\/v2\/users\/1"}],"replies":[{"embeddable":true,"href":"https:\/\/buerger-mengkofen.de\/index.php\/wp-json\/wp\/v2\/comments?post=2999"}],"version-history":[{"count":46,"href":"https:\/\/buerger-mengkofen.de\/index.php\/wp-json\/wp\/v2\/pages\/2999\/revisions"}],"predecessor-version":[{"id":3587,"href":"https:\/\/buerger-mengkofen.de\/index.php\/wp-json\/wp\/v2\/pages\/2999\/revisions\/3587"}],"wp:attachment":[{"href":"https:\/\/buerger-mengkofen.de\/index.php\/wp-json\/wp\/v2\/media?parent=2999"}],"curies":[{"name":"wp","href":"https:\/\/api.w.org\/{rel}","templated":true}]}}