{"id":3000,"date":"2024-03-23T18:29:37","date_gmt":"2024-03-23T17:29:37","guid":{"rendered":"https:\/\/buerger-mengkofen.de\/?page_id=3000"},"modified":"2024-04-27T23:54:00","modified_gmt":"2024-04-27T22:54:00","slug":"2023-2","status":"publish","type":"page","link":"https:\/\/buerger-mengkofen.de\/index.php\/2023-2\/","title":{"rendered":"2023"},"content":{"rendered":"\t\t<div data-elementor-type=\"wp-page\" data-elementor-id=\"3000\" class=\"elementor elementor-3000\">\n\t\t\t\t<div class=\"elementor-element elementor-element-62bd3f0a e-flex e-con-boxed e-con e-parent\" data-id=\"62bd3f0a\" data-element_type=\"container\" data-e-type=\"container\">\n\t\t\t\t\t<div class=\"e-con-inner\">\n\t\t\t\t<div class=\"elementor-element elementor-element-2f43e1fb elementor-widget elementor-widget-spacer\" data-id=\"2f43e1fb\" data-element_type=\"widget\" data-e-type=\"widget\" data-widget_type=\"spacer.default\">\n\t\t\t\t<div class=\"elementor-widget-container\">\n\t\t\t\t\t\t\t<div class=\"elementor-spacer\">\n\t\t\t<div class=\"elementor-spacer-inner\"><\/div>\n\t\t<\/div>\n\t\t\t\t\t\t<\/div>\n\t\t\t\t<\/div>\n\t\t\t\t\t<\/div>\n\t\t\t\t<\/div>\n\t\t<div class=\"elementor-element elementor-element-38d5c481 e-flex e-con-boxed e-con e-parent\" data-id=\"38d5c481\" data-element_type=\"container\" data-e-type=\"container\">\n\t\t\t\t\t<div class=\"e-con-inner\">\n\t\t\t\t<div class=\"elementor-element elementor-element-30fd245e elementor-invisible elementor-widget elementor-widget-text-editor\" data-id=\"30fd245e\" data-element_type=\"widget\" data-e-type=\"widget\" data-settings=\"{&quot;_animation&quot;:&quot;fadeIn&quot;}\" data-widget_type=\"text-editor.default\">\n\t\t\t\t<div class=\"elementor-widget-container\">\n\t\t\t\t\t\t\t\t\t<h3>Dezember 2023 \u2013 Zeit und Freude schenken<\/h3><p><img fetchpriority=\"high\" decoding=\"async\" class=\"wp-image-2764 size-medium alignleft\" src=\"https:\/\/buerger-mengkofen.de\/wp-content\/uploads\/2024\/03\/Jung-und-Alt-Hand-in-Hand-scaled-e1710851856693-300x208.jpg\" sizes=\"(max-width: 300px) 100vw, 300px\" srcset=\"https:\/\/buerger-mengkofen.de\/wp-content\/uploads\/2024\/03\/Jung-und-Alt-Hand-in-Hand-scaled-e1710851856693-300x208.jpg 300w, https:\/\/buerger-mengkofen.de\/wp-content\/uploads\/2024\/03\/Jung-und-Alt-Hand-in-Hand-scaled-e1710851856693-1024x712.jpg 1024w, https:\/\/buerger-mengkofen.de\/wp-content\/uploads\/2024\/03\/Jung-und-Alt-Hand-in-Hand-scaled-e1710851856693-768x534.jpg 768w, https:\/\/buerger-mengkofen.de\/wp-content\/uploads\/2024\/03\/Jung-und-Alt-Hand-in-Hand-scaled-e1710851856693-1536x1067.jpg 1536w, https:\/\/buerger-mengkofen.de\/wp-content\/uploads\/2024\/03\/Jung-und-Alt-Hand-in-Hand-scaled-e1710851856693-2048x1423.jpg 2048w\" alt=\"\" width=\"300\" height=\"208\" \/><\/p><p>Wie auch in den vergangenen Jahren hatten die Damen vom Verein B\u00fcrger f\u00fcr B\u00fcrger gemeinsam mit den Sch\u00fclern der Mittelschule Aitrachtal und auch Zuhause Pl\u00e4tzchen gebacken.<\/p><p>In den Adventswochen besuchten die Helfer und Helferinnen des Vereins hochbetagte Gemeindeb\u00fcrger mit eingeschr\u00e4nkter Mobilit\u00e4t und nahmen sich dabei auch zu Gespr\u00e4chen Zeit.<\/p><p>Ein bisschen zus\u00e4tzlich Freude ins Haus bringen und Aufmerksamkeit schenkten, wollten die Mitglieder vom Verein B\u00fcrger f\u00fcr B\u00fcrger im Aitrachtal mit ihrer Besuchsaktion in der Vorweihnachtszeit. Seit mehreren Wochen liefen dazu die Vorbereitungen. Nach dem Pl\u00e4tzchen backen und dem Verpacken mit tatkr\u00e4ftiger Unterst\u00fctzung der Sch\u00fcler der siebten und achten Klasse war es dann m\u00f6glich, dass 18 Frauen und M\u00e4nner gemeindeweit auf Besuchstour gingen. Viele \u00c4ltere k\u00f6nnen aus gesundheitlichen Gr\u00fcnden und wegen k\u00f6rperlicher Einschr\u00e4nkungen nicht mehr so aktiv am gesellschaftlichen Leben teilnehmen. Gerade dieser Personenkreis sollte nicht vergessen werden. Bei den Besuchen wurden die \u00dcberraschungsg\u00e4ste in den Wohnungen der Senioren freundlich und freudig aufgenommen. Dabei entwickelten sich interessante Gespr\u00e4che, aus vergangen Zeiten, zum aktuellen Zeitgeschehen, bis hin zur Vorfreude auf das Weihnachtsfest. Auch aktuelle Sorgen und N\u00f6te des t\u00e4glichen Lebens blieben nicht unerw\u00e4hnt. Vielf\u00e4ltig \u00fcberwog jedoch die Freude dar\u00fcber, dass mit einem Besuch an sie gedacht wurde.<br \/>Bereits zum sie<img decoding=\"async\" class=\"wp-image-2763 size-medium alignleft\" src=\"https:\/\/buerger-mengkofen.de\/wp-content\/uploads\/2024\/03\/Die_Helferinnen_und_Helfer_freuen_sich_auf_die_Besuche1-scaled-e1710851700773-300x143.jpg\" sizes=\"(max-width: 300px) 100vw, 300px\" srcset=\"https:\/\/buerger-mengkofen.de\/wp-content\/uploads\/2024\/03\/Die_Helferinnen_und_Helfer_freuen_sich_auf_die_Besuche1-scaled-e1710851700773-300x143.jpg 300w, https:\/\/buerger-mengkofen.de\/wp-content\/uploads\/2024\/03\/Die_Helferinnen_und_Helfer_freuen_sich_auf_die_Besuche1-scaled-e1710851700773-1024x487.jpg 1024w, https:\/\/buerger-mengkofen.de\/wp-content\/uploads\/2024\/03\/Die_Helferinnen_und_Helfer_freuen_sich_auf_die_Besuche1-scaled-e1710851700773-768x365.jpg 768w, https:\/\/buerger-mengkofen.de\/wp-content\/uploads\/2024\/03\/Die_Helferinnen_und_Helfer_freuen_sich_auf_die_Besuche1-scaled-e1710851700773-1536x731.jpg 1536w, https:\/\/buerger-mengkofen.de\/wp-content\/uploads\/2024\/03\/Die_Helferinnen_und_Helfer_freuen_sich_auf_die_Besuche1-scaled-e1710851700773-2048x974.jpg 2048w\" alt=\"\" width=\"300\" height=\"143\" \/>bten Mal hatte die Vereinsvorstandschaft entschieden, vorweihnachtliche Besuche durchzuf\u00fchren. Nachdem die ehrenamtlichen Helfer von den vergangenen Aktionen sehr beeindruckt waren und auch sie zahlreiche sch\u00f6ne Begegnungen erfuhren, war es auch heuer nicht schwer, wieder gen\u00fcgend Ehrenamtliche zu gewinnen. \u201eUns wird dabei sehr klar vor Augen gef\u00fchrt, dass es auch in unserer Gemeinde B\u00fcrger gibt, die nicht nur auf der Sonnenseite des Lebens stehen, von Krankheit und Leid nicht verschont sind\u201c, ist die Erkenntnis der Besucher.<\/p><p>Beeindruckend dabei ist auch die Zufriedenheit vieler, obwohl sie von schweren Erkrankungen geplagt oder k\u00f6rperlichen Einschr\u00e4nkungen gezeichnet sind.<br \/>Leider war es nicht m\u00f6glich, alle \u00e4lteren Gemeindeb\u00fcrger zu besuchen, denn bei mehr als 300 \u00fcber 80-j\u00e4hrigen M\u00e4nnern und Frauen im Gemeindegebiet m\u00fcssen durch die begrenzten Ressourcen zwangsweise Abstriche gemacht werden. Die Verantwortlichen bauen jedoch darauf, dass\u00a0mit den 180 Besuchen in den Familien nur wenige Bed\u00fcrftige vergessen wurden.<\/p>\t\t\t\t\t\t\t\t<\/div>\n\t\t\t\t<\/div>\n\t\t\t\t\t<\/div>\n\t\t\t\t<\/div>\n\t\t<div class=\"elementor-element elementor-element-e33a675 e-flex e-con-boxed e-con e-parent\" data-id=\"e33a675\" data-element_type=\"container\" data-e-type=\"container\">\n\t\t\t\t\t<div class=\"e-con-inner\">\n\t\t\t\t<div class=\"elementor-element elementor-element-1bc4dd24 elementor-widget elementor-widget-spacer\" data-id=\"1bc4dd24\" data-element_type=\"widget\" data-e-type=\"widget\" data-widget_type=\"spacer.default\">\n\t\t\t\t<div class=\"elementor-widget-container\">\n\t\t\t\t\t\t\t<div class=\"elementor-spacer\">\n\t\t\t<div class=\"elementor-spacer-inner\"><\/div>\n\t\t<\/div>\n\t\t\t\t\t\t<\/div>\n\t\t\t\t<\/div>\n\t\t\t\t\t<\/div>\n\t\t\t\t<\/div>\n\t\t<div class=\"elementor-element elementor-element-514e86e0 e-flex e-con-boxed e-con e-parent\" data-id=\"514e86e0\" data-element_type=\"container\" data-e-type=\"container\">\n\t\t\t\t\t<div class=\"e-con-inner\">\n\t\t\t\t<div class=\"elementor-element elementor-element-2cb87cc9 elementor-invisible elementor-widget elementor-widget-text-editor\" data-id=\"2cb87cc9\" data-element_type=\"widget\" data-e-type=\"widget\" data-settings=\"{&quot;_animation&quot;:&quot;fadeIn&quot;}\" data-widget_type=\"text-editor.default\">\n\t\t\t\t<div class=\"elementor-widget-container\">\n\t\t\t\t\t\t\t\t\t<h3>01.04.2023 \u2013 Neue Helferinnen und Helfer ausgebildet<\/h3><p>Entlastung f\u00fcr Pflegebed\u00fcrftige und pflegende Angeh\u00f6rige bietet BfB im Aitrachtal mit der Nachbarschaftshilfe in Form der Alltagsbegleitung. Dabei leisten Ehrenamtliche mit Besuchen, Begleitung zum Arzt, beim Einkaufen oder Erledigungen des t\u00e4glichen Bedarfes Hilfe und Unterst\u00fctzung im Alltag. Dadurch haben auch pflegende Angeh\u00f6rige stundenweise Freiraum f\u00fcr pers\u00f6nliche eigene Belange. Seit 2019 ist der Verein vom Landesamt f\u00fcr Pflege anerkannt, Leistungen im Rahmen des Entlastungsbetrages mit den Pflegekassen abzurechnen.<\/p><p><img decoding=\"async\" class=\"alignleft wp-image-2800\" src=\"https:\/\/buerger-mengkofen.de\/wp-content\/uploads\/2024\/03\/Die-Teilnehmer-mit-Bgm-Thomas-Hieninger-re-und-Vorsitzenden-R.-Baumgartner-li-scaled-e1710944015306-300x132.jpg\" sizes=\"(max-width: 450px) 100vw, 450px\" srcset=\"https:\/\/buerger-mengkofen.de\/wp-content\/uploads\/2024\/03\/Die-Teilnehmer-mit-Bgm-Thomas-Hieninger-re-und-Vorsitzenden-R.-Baumgartner-li-scaled-e1710944015306-300x132.jpg 300w, https:\/\/buerger-mengkofen.de\/wp-content\/uploads\/2024\/03\/Die-Teilnehmer-mit-Bgm-Thomas-Hieninger-re-und-Vorsitzenden-R.-Baumgartner-li-scaled-e1710944015306-1024x450.jpg 1024w, https:\/\/buerger-mengkofen.de\/wp-content\/uploads\/2024\/03\/Die-Teilnehmer-mit-Bgm-Thomas-Hieninger-re-und-Vorsitzenden-R.-Baumgartner-li-scaled-e1710944015306-768x338.jpg 768w, https:\/\/buerger-mengkofen.de\/wp-content\/uploads\/2024\/03\/Die-Teilnehmer-mit-Bgm-Thomas-Hieninger-re-und-Vorsitzenden-R.-Baumgartner-li-scaled-e1710944015306-1536x676.jpg 1536w, https:\/\/buerger-mengkofen.de\/wp-content\/uploads\/2024\/03\/Die-Teilnehmer-mit-Bgm-Thomas-Hieninger-re-und-Vorsitzenden-R.-Baumgartner-li-scaled-e1710944015306-2048x901.jpg 2048w\" alt=\"\" width=\"450\" height=\"198\" \/><\/p><p>Die Nachfrage nach solchen Diensten durch die Betroffenen steigt st\u00e4ndig weiter an. Aus diesem Grund ist es n\u00f6tig laufend zus\u00e4tzliche neue ehrenamtliche Helferinnen und Helfer auszubilden. Damit der Verein den Anfragen auch gerecht werden kann, sind die Verantwortlichen laufend bestrebt, zus\u00e4tzliche neue Kr\u00e4fte zu gewinnen und sie mit der n\u00f6tigen Grundschulung auszustatten. Deshalb war auch Ende des Jahres eine umfangreiche Schulungsreihe angeboten worden.<\/p><p>\u00a0<\/p><p><strong>Ausbildung entspricht den Vorgaben<\/strong><br \/>Diese Ausbildung entspricht dem Schulungskonzept zur Erbringung von Leistungen gem\u00e4\u00df \u00a745a SGB XI. Sie erf\u00fcllt sowohl die Entlastungsleistungen, wie haushaltsnahe Dienstleistungen, Alltagsbegleitung und Pflegebegleitung. Das Schulungskonzept von insgesamt 40 UE (Unterrichtseinheiten) a 45 Minuten war sowohl auf in der Nachbarschaftshilfe aktive Frauen wie M\u00e4nner zugeschnitten. Die Ausbildung erfolgte in drei Modulen. Modul 1 befasste sich mit der Betreuung Pflegebed\u00fcrftiger. Speziell angesprochen wurden: Alterstypische Erkrankungen bzw. Einschr\u00e4nkungen, Grundlagen der pflegerischen Versorgung, M\u00f6glichkeiten der Begleitung im Alltag, Notfallhandeln und rechtliche Rahmenbedingungen. Im Modul 2 befassten sich die Teilnehmer mit Themen der Kommunikation und Begleitung. Hierzu sind folgende Inhalte behandelt und trainiert worden: Kommunikation und Gespr\u00e4chsf\u00fchrung, Subjektive und objektive Belastungsfaktoren pflegender Angeh\u00f6riger, Zusammenarbeit und Vernetzung mit allen Akteuren zur Optimierung der Situation des Betroffenen, Grundlagen der Pflegeversicherung und des Betreuungsrechts sowie die Rolle der Helfenden und das Selbstmanagement. Im Modul 3 waren Punkte der Unterst\u00fctzung im Haushalt wie: Grunds\u00e4tze der Hygiene, Reinigung und Pflege des Wohnbereichs, Reinigung und Pflege von Textilien, Ern\u00e4hrung und Verpflegung, aktivierende Beteiligung der Pflegebed\u00fcrftigen an hauswirtschaftlichen T\u00e4tigkeiten und Unfallverh\u00fctung die Themen. Zu den jeweiligen Modulen haben die Teilnehmer auch schriftliche Unterlagen erhalten.<\/p><p><strong>B\u00fcrgermeister w\u00fcrdigt den Einsatz des Teams<\/strong><br \/>Die Ausbildung fand im Pfarrheim in Mengkofen bzw. in den R\u00e4umen der Mittelschule statt. Die \u00dcberreichung der Zertifikate hatte B\u00fcrgermeister Thomas Hieninger vorgenommen. Er dankte allen Teilnehmen f\u00fcr die Bereitschaft sich in diese wertvollen Dienste einzubringen. Er erfahre im Rahmen seines Tagesgesch\u00e4ftes, wie notwendig aber auch dankbar und wertsch\u00e4tzend Hilfe in der h\u00e4uslichen Pflege angenommen werde. Er w\u00fcnschte auch den Helfenden pers\u00f6nlich Zufriedenheit und Erf\u00fcllung im Rahmen ihrer Eins\u00e4tze. Von den Teilnehmern kommen sieben aus dem Gemeindegebiet Mengkofen, die auch bei der Nachbarschaftshilfe von BfB aktiv werden. Zwischenzeitlich haben davon bereits drei Damen Besuchs- und Begleitdienste \u00fcbernommen.<br \/>Alle Helfer werden bei ihrer T\u00e4tigkeit nicht alleine gelassen sie werden fachlich und einsatzm\u00e4\u00dfig von der Koordinatorin Anke K\u00fchnert unterst\u00fctzt und beraten. Das gesamte Team der Nachbarschaftshilfe trifft sich auch mehrfach im Jahr zum gegenseitigen Austausch und Beratungsthemen. Dar\u00fcber hinaus nehmen sie auch an Fortbildungsveranstaltungen teil. Es ist auch noch zu erw\u00e4hnen, dass alle im Rahmen ihrer T\u00e4tigkeit zur Verschwiegenheit verpflichtet sind.<\/p>\t\t\t\t\t\t\t\t<\/div>\n\t\t\t\t<\/div>\n\t\t\t\t\t<\/div>\n\t\t\t\t<\/div>\n\t\t<div class=\"elementor-element elementor-element-c42fb0a e-flex e-con-boxed e-con e-parent\" data-id=\"c42fb0a\" data-element_type=\"container\" data-e-type=\"container\">\n\t\t\t\t\t<div class=\"e-con-inner\">\n\t\t\t\t<div class=\"elementor-element elementor-element-850ac54 elementor-widget elementor-widget-spacer\" data-id=\"850ac54\" data-element_type=\"widget\" data-e-type=\"widget\" data-widget_type=\"spacer.default\">\n\t\t\t\t<div class=\"elementor-widget-container\">\n\t\t\t\t\t\t\t<div class=\"elementor-spacer\">\n\t\t\t<div class=\"elementor-spacer-inner\"><\/div>\n\t\t<\/div>\n\t\t\t\t\t\t<\/div>\n\t\t\t\t<\/div>\n\t\t\t\t\t<\/div>\n\t\t\t\t<\/div>\n\t\t<div class=\"elementor-element elementor-element-5ae9ddcb e-flex e-con-boxed e-con e-parent\" data-id=\"5ae9ddcb\" data-element_type=\"container\" data-e-type=\"container\">\n\t\t\t\t\t<div class=\"e-con-inner\">\n\t\t\t\t<div class=\"elementor-element elementor-element-4a686170 elementor-invisible elementor-widget elementor-widget-text-editor\" data-id=\"4a686170\" data-element_type=\"widget\" data-e-type=\"widget\" data-settings=\"{&quot;_animation&quot;:&quot;fadeIn&quot;}\" data-widget_type=\"text-editor.default\">\n\t\t\t\t<div class=\"elementor-widget-container\">\n\t\t\t\t\t\t\t\t\t<h3><strong>19.03.2023 \u2013 Drei Tage in die Vollen \u2013 Kegelspa\u00df im Aitrachtal<\/strong><\/h3>\n<p align=\"justify\">Am vergangenen Wochenende haben beim vierten Preiskegelturnier des Vereins B\u00fcrger f\u00fcr B\u00fcrger 116 Freunde des Kegelsportes um gute Platzierungen wettgeeifert. Auf der neuen Kegelbahn des SV-Mengkofen herrschte von Freitag bis Sonntag reger Betrieb. Mit f\u00fcnf verschiedenen Wertungen hatte der Veranstalter ein Turnier angeboten, das sowohl Sch\u00fclern, Damen und Herren Chancen auf gute Platzierungen und Preise erm\u00f6glichte.<b><br><\/b><\/p>\n<p align=\"justify\">Der Wettstreit um die mehr als 50 Preise startete am Freitag um 18 Uhr. Dabei waren die Herren vom \u201eTreff aktiv\u201c die ersten, die in die Vollen zielten. Bis Sonntagabend hatten sich 15 Gruppen und Vereine um die Preise der Gruppenwertung eingetragen. Nachdem mehrere der U10 Sch\u00fcler zum ersten Mal bei einem Turnier antraten, brauchten sie Hilfestellung und Beratung von ihren Betreuern. Aber schnell hatten sie den richtigen Dreh raus. Bei der U14 Gruppe klappte es bei den meisten schon z\u00fcgiger. Im Vordergrund standen f\u00fcr die Sch\u00fcler allerding der olympische Gedanke und der Spa\u00df an der Freude. Es entwickelte sich schnell ein Wettstreit um jeweils einen der Siegerpokale. Wie bei den vorhergehenden Turnieren dominierten am Startabend die Huber`s aus dem Tannenweg. Dabei legte Vater Armin 33 Kegel vor. Er sah bis Sonntagnachmittag wie der sichere Sieger aus. Gem\u00e4\u00df der Wettkampfregel musste f\u00fcnfmal in die Vollen geschoben werden.<\/p>\n<p align=\"justify\">Am Samstag wurde munter weiter gekegelt. Weder den Abordnungen von B\u00fcrgern f\u00fcr B\u00fcrger, des Musikvereins, des Gartenbauvereins aus H\u00fcttenkofen, der Sch\u00fctzen aus Mengkofen, der KLJB Mengkofen oder des SV-Mengkofen gelang es, die Bestmarke vom Freitag zu knacken. Am Sonntag startete bereits um 11 Uhr mit \u201eHierundjetzt\u201c der j\u00fcngste Verein der Gemeinde. In dieser Gruppe waren Sch\u00fcler von U10 und U15 als auch Damen und Herren vertreten. Das zeichnete sich besonders bei der Endabrechnung aus. Im Laufe des Tages folgten der Bayern Fanclub, der Stockclub, die FFW Mengkofen, die Sch\u00fctzen und Landjugend Puchhausen sowie der FC Dingolfing. Richtig hei\u00df ging es zum Abschluss des Turniers her, als die Senioren des SVM eingriffen. Neben Stimmung, Begeisterung aber auch H\u00e4me bei fehlgeschlagenen Sch\u00fcben, herrschte rege Betriebsamkeit auf beiden Bahnen. Schon schien alles gelaufen und keiner hatte mit den Fu\u00dfballern noch ernsthaft gerechnet bis aus deren Reihen Sebastian Sattler locker in den Wettstreit eingriff. Er ben\u00f6tigte nur sechs Standl, um mit 34 Kegeln die Bestmarke zu setzen und sich damit zum Sieger zu k\u00fcren.<\/p>\n<p align=\"justify\">Zur Preisverleihung um 20 Uhr hatte sich auch B\u00fcrgermeister Thomas Hieninger Zeit genommen. In einem kurzen Gru\u00dfwort zeigte er sich erfreut dar\u00fcber, dass die neue Kegelbahn mit dem Turnier vorn B\u00fcrger f\u00fcr B\u00fcrger Premiere feiern konnte. Er bedankte sich bei den Organisatoren f\u00fcr die Durchf\u00fchrung der drei Tage, die hierf\u00fcr alle zusammen ein beachtliches Pensum Zeit sowohl bei der Vor- als Nachbereitung sowie der Durchf\u00fchrung aufgewandt haben. Er dankte dabei den Veranstaltern nicht nur f\u00fcr die Arbeit und den reibungslosen Verlauf, sondern auch f\u00fcr den gesellschaftlichen Beitrag, den diese drei Tage zur Geselligkeit und dem Miteinander in der Gemeinde beigetragen haben.<\/p>\n<p align=\"justify\">Der Vorsitzenden Richard Baumgartner hat anschlie\u00dfend mit seiner Stellvertreterin Carolin Fuchs und dem Kassier Rupert Haselbeck die Verleihung der Preise vorgenommen. Bevor die Sieger ihre Preise&nbsp;in Empfang nehmen konnten, bedankte sich der Vorsitzende noch bei allen Unternehmen und G\u00f6nnern f\u00fcr die gro\u00dfz\u00fcgige Spendenbereitschaft. Ohne deren F\u00f6rderung w\u00e4re die Durchf\u00fchrung nicht m\u00f6glich gewesen. Sein Dank galt auch allen Keglern und den Aktiven des Vereins&nbsp;bei der Abwicklung.<\/p>\n<p align=\"justify\"><img loading=\"lazy\" decoding=\"async\" class=\"alignleft wp-image-2833\" src=\"https:\/\/buerger-mengkofen.de\/wp-content\/uploads\/2024\/03\/Alle-Sieger-1024x234.jpg\" sizes=\"(max-width: 800px) 100vw, 800px\" srcset=\"https:\/\/buerger-mengkofen.de\/wp-content\/uploads\/2024\/03\/Alle-Sieger-1024x234.jpg 1024w, https:\/\/buerger-mengkofen.de\/wp-content\/uploads\/2024\/03\/Alle-Sieger-300x68.jpg 300w, https:\/\/buerger-mengkofen.de\/wp-content\/uploads\/2024\/03\/Alle-Sieger-768x175.jpg 768w, https:\/\/buerger-mengkofen.de\/wp-content\/uploads\/2024\/03\/Alle-Sieger-1536x351.jpg 1536w, https:\/\/buerger-mengkofen.de\/wp-content\/uploads\/2024\/03\/Alle-Sieger-2048x468.jpg 2048w\" alt=\"\" width=\"800\" height=\"183\"><\/p>\n<p align=\"justify\">Bei der anschlie\u00dfenden Verteilung der mehr&nbsp;als 50 Preise konnten sich jeweils \u00fcber Siegerpokale freuen: In der U10 Jugendwertung: Laurenz Ritthaler, Michael Burgmeier-Jobst und Jonas Klingshirn. In der U 14 Wertung:&nbsp;Dominik Mayer, Tristan Reiser und Benedikt Fuchs. Sachpreise in der Damen Sonderwertung: Carolin Fuchs, Ania Brandner, Maria Mayer, Anja Schmerbeck, Rebekka Klostermeier und Silke Weinzierl. In der Einzelwertung waren mit Geldpreisen erfolgreich: Sebastian Sattler, Armin Huber und Franz Schmerbeck. Weiter sicherten sich Sachpreise: Gottfried Brandner, Josef Haimerl sen., Christian Diermeier, Carolin Fuchs, Adrian Huber, Tobias Denk, Lajos Szarka, Georg Hagn, Vinzenz Weinzierl, Ania Brandner, Christoph Weber, Robert Held, Stefan Klaschka, Luca Schmidt, Wolfgang Guggenberger, Hans Klostermeier, Sepp Schmerbeck, Richard Baumgartner, Reinhard Menauer, Michael Schmerbeck, Rupert Haselbeck, Alexander Reiser, Tobis Diermeier, Maria Mayer, Markus Altweck, Dominik Mayer, Michael Koch, Michael Beck, Peter Zinsmeyer, Benedikt Held, Stefan Bindhammer, und Anja Schmerbeck. Die ersten f\u00fcnf platzierten Mannschaften der Gruppenwertung konnten sich \u00fcber Sachpreise freuen: 1. B\u00fcrger f\u00fcr B\u00fcrger, 2. SV Mengkofen, 3. Hier &amp; jetzt, 4. Sch\u00fctzen Puchhausen, 5. Bayern Fanclub.<\/p>\t\t\t\t\t\t\t\t<\/div>\n\t\t\t\t<\/div>\n\t\t\t\t\t<\/div>\n\t\t\t\t<\/div>\n\t\t<div class=\"elementor-element elementor-element-243500a e-flex e-con-boxed e-con e-parent\" data-id=\"243500a\" data-element_type=\"container\" data-e-type=\"container\">\n\t\t\t\t\t<div class=\"e-con-inner\">\n\t\t\t\t<div class=\"elementor-element elementor-element-1f8740b elementor-widget elementor-widget-spacer\" data-id=\"1f8740b\" data-element_type=\"widget\" data-e-type=\"widget\" data-widget_type=\"spacer.default\">\n\t\t\t\t<div class=\"elementor-widget-container\">\n\t\t\t\t\t\t\t<div class=\"elementor-spacer\">\n\t\t\t<div class=\"elementor-spacer-inner\"><\/div>\n\t\t<\/div>\n\t\t\t\t\t\t<\/div>\n\t\t\t\t<\/div>\n\t\t\t\t\t<\/div>\n\t\t\t\t<\/div>\n\t\t\t\t<\/div>\n\t\t","protected":false},"excerpt":{"rendered":"<p>Dezember 2023 \u2013 Zeit und Freude schenken Wie auch in den vergangenen Jahren hatten die Damen vom Verein B\u00fcrger f\u00fcr B\u00fcrger gemeinsam mit den Sch\u00fclern der Mittelschule Aitrachtal und auch Zuhause Pl\u00e4tzchen gebacken. In den Adventswochen besuchten die Helfer und Helferinnen des Vereins hochbetagte Gemeindeb\u00fcrger mit eingeschr\u00e4nkter Mobilit\u00e4t und nahmen sich dabei auch zu Gespr\u00e4chen [&hellip;]<\/p>\n","protected":false},"author":1,"featured_media":0,"parent":0,"menu_order":0,"comment_status":"closed","ping_status":"closed","template":"","meta":{"site-sidebar-layout":"no-sidebar","site-content-layout":"","ast-site-content-layout":"full-width-container","site-content-style":"default","site-sidebar-style":"default","ast-global-header-display":"","ast-banner-title-visibility":"","ast-main-header-display":"","ast-hfb-above-header-display":"","ast-hfb-below-header-display":"","ast-hfb-mobile-header-display":"","site-post-title":"disabled","ast-breadcrumbs-content":"","ast-featured-img":"disabled","footer-sml-layout":"","ast-disable-related-posts":"","theme-transparent-header-meta":"","adv-header-id-meta":"","stick-header-meta":"","header-above-stick-meta":"","header-main-stick-meta":"","header-below-stick-meta":"","astra-migrate-meta-layouts":"default","ast-page-background-enabled":"default","ast-page-background-meta":{"desktop":{"background-color":"var(--ast-global-color-4)","background-image":"","background-repeat":"repeat","background-position":"center center","background-size":"auto","background-attachment":"scroll","background-type":"","background-media":"","overlay-type":"","overlay-color":"","overlay-opacity":"","overlay-gradient":""},"tablet":{"background-color":"","background-image":"","background-repeat":"repeat","background-position":"center center","background-size":"auto","background-attachment":"scroll","background-type":"","background-media":"","overlay-type":"","overlay-color":"","overlay-opacity":"","overlay-gradient":""},"mobile":{"background-color":"","background-image":"","background-repeat":"repeat","background-position":"center center","background-size":"auto","background-attachment":"scroll","background-type":"","background-media":"","overlay-type":"","overlay-color":"","overlay-opacity":"","overlay-gradient":""}},"ast-content-background-meta":{"desktop":{"background-color":"var(--ast-global-color-5)","background-image":"","background-repeat":"repeat","background-position":"center center","background-size":"auto","background-attachment":"scroll","background-type":"","background-media":"","overlay-type":"","overlay-color":"","overlay-opacity":"","overlay-gradient":""},"tablet":{"background-color":"var(--ast-global-color-5)","background-image":"","background-repeat":"repeat","background-position":"center center","background-size":"auto","background-attachment":"scroll","background-type":"","background-media":"","overlay-type":"","overlay-color":"","overlay-opacity":"","overlay-gradient":""},"mobile":{"background-color":"var(--ast-global-color-5)","background-image":"","background-repeat":"repeat","background-position":"center center","background-size":"auto","background-attachment":"scroll","background-type":"","background-media":"","overlay-type":"","overlay-color":"","overlay-opacity":"","overlay-gradient":""}},"footnotes":""},"class_list":["post-3000","page","type-page","status-publish","hentry"],"aioseo_notices":[],"jetpack_sharing_enabled":true,"_links":{"self":[{"href":"https:\/\/buerger-mengkofen.de\/index.php\/wp-json\/wp\/v2\/pages\/3000","targetHints":{"allow":["GET"]}}],"collection":[{"href":"https:\/\/buerger-mengkofen.de\/index.php\/wp-json\/wp\/v2\/pages"}],"about":[{"href":"https:\/\/buerger-mengkofen.de\/index.php\/wp-json\/wp\/v2\/types\/page"}],"author":[{"embeddable":true,"href":"https:\/\/buerger-mengkofen.de\/index.php\/wp-json\/wp\/v2\/users\/1"}],"replies":[{"embeddable":true,"href":"https:\/\/buerger-mengkofen.de\/index.php\/wp-json\/wp\/v2\/comments?post=3000"}],"version-history":[{"count":25,"href":"https:\/\/buerger-mengkofen.de\/index.php\/wp-json\/wp\/v2\/pages\/3000\/revisions"}],"predecessor-version":[{"id":3789,"href":"https:\/\/buerger-mengkofen.de\/index.php\/wp-json\/wp\/v2\/pages\/3000\/revisions\/3789"}],"wp:attachment":[{"href":"https:\/\/buerger-mengkofen.de\/index.php\/wp-json\/wp\/v2\/media?parent=3000"}],"curies":[{"name":"wp","href":"https:\/\/api.w.org\/{rel}","templated":true}]}}