{"id":797,"date":"2023-12-19T13:42:14","date_gmt":"2023-12-19T12:42:14","guid":{"rendered":"https:\/\/buerger-mengkofen.de\/?page_id=797"},"modified":"2024-04-16T14:47:54","modified_gmt":"2024-04-16T13:47:54","slug":"geschichte-des-vereins","status":"publish","type":"page","link":"https:\/\/buerger-mengkofen.de\/index.php\/geschichte-des-vereins\/","title":{"rendered":"Geschichte des Vereins"},"content":{"rendered":"\t\t<div data-elementor-type=\"wp-page\" data-elementor-id=\"797\" class=\"elementor elementor-797\">\n\t\t\t\t<div class=\"elementor-element elementor-element-c322a3a e-flex e-con-boxed e-con e-parent\" data-id=\"c322a3a\" data-element_type=\"container\" data-e-type=\"container\">\n\t\t\t\t\t<div class=\"e-con-inner\">\n\t\t\t\t<div class=\"elementor-element elementor-element-42be220 elementor-widget elementor-widget-spacer\" data-id=\"42be220\" data-element_type=\"widget\" data-e-type=\"widget\" data-widget_type=\"spacer.default\">\n\t\t\t\t<div class=\"elementor-widget-container\">\n\t\t\t\t\t\t\t<div class=\"elementor-spacer\">\n\t\t\t<div class=\"elementor-spacer-inner\"><\/div>\n\t\t<\/div>\n\t\t\t\t\t\t<\/div>\n\t\t\t\t<\/div>\n\t\t\t\t\t<\/div>\n\t\t\t\t<\/div>\n\t\t<div class=\"elementor-element elementor-element-b6b45d6 e-flex e-con-boxed elementor-invisible e-con e-parent\" data-id=\"b6b45d6\" data-element_type=\"container\" data-e-type=\"container\" data-settings=\"{&quot;animation&quot;:&quot;fadeIn&quot;}\">\n\t\t\t\t\t<div class=\"e-con-inner\">\n\t\t\t\t<div class=\"elementor-element elementor-element-3da4234 elementor-widget elementor-widget-heading\" data-id=\"3da4234\" data-element_type=\"widget\" data-e-type=\"widget\" data-widget_type=\"heading.default\">\n\t\t\t\t<div class=\"elementor-widget-container\">\n\t\t\t\t\t<h2 class=\"elementor-heading-title elementor-size-default\">Die Meilensteine des Vereins B\u00fcrger f\u00fcr B\u00fcrger im Aitrachtal e.V.<\/h2>\t\t\t\t<\/div>\n\t\t\t\t<\/div>\n\t\t\t\t\t<\/div>\n\t\t\t\t<\/div>\n\t\t<div class=\"elementor-element elementor-element-607d2ae e-flex e-con-boxed e-con e-parent\" data-id=\"607d2ae\" data-element_type=\"container\" data-e-type=\"container\">\n\t\t\t\t\t<div class=\"e-con-inner\">\n\t\t\t\t<div class=\"elementor-element elementor-element-e137819 elementor-widget elementor-widget-spacer\" data-id=\"e137819\" data-element_type=\"widget\" data-e-type=\"widget\" data-widget_type=\"spacer.default\">\n\t\t\t\t<div class=\"elementor-widget-container\">\n\t\t\t\t\t\t\t<div class=\"elementor-spacer\">\n\t\t\t<div class=\"elementor-spacer-inner\"><\/div>\n\t\t<\/div>\n\t\t\t\t\t\t<\/div>\n\t\t\t\t<\/div>\n\t\t\t\t\t<\/div>\n\t\t\t\t<\/div>\n\t\t<div class=\"elementor-element elementor-element-aa61343 e-flex e-con-boxed elementor-invisible e-con e-parent\" data-id=\"aa61343\" data-element_type=\"container\" data-e-type=\"container\" data-settings=\"{&quot;animation&quot;:&quot;fadeIn&quot;}\">\n\t\t\t\t\t<div class=\"e-con-inner\">\n\t\t\t\t<div class=\"elementor-element elementor-element-8aadffc elementor-widget elementor-widget-text-editor\" data-id=\"8aadffc\" data-element_type=\"widget\" data-e-type=\"widget\" data-widget_type=\"text-editor.default\">\n\t\t\t\t<div class=\"elementor-widget-container\">\n\t\t\t\t\t\t\t\t\t<h3>Ausgangssituation<\/h3>\nIm Jahr 2006 wurde im Landkreis Dingolfing-Landau im Rahmen eines Workshops ein <strong>Leitbild f\u00fcr Senioren<\/strong> entwickelt. Wesentliche Ziele dabei waren es, Antworten auf die Herausforderung des demographischen Wandels zu geben und die Seniorenarbeit im Landkreis zu intensivieren.\n\nIn den Kommunen des Landkreises wurden Seniorenbeauftragte benannt und eingesetzt, um die Seniorenarbeit weiterzuentwickeln.\n\nIn Mengkofen hatte sich hierf\u00fcr 2008 ein Arbeitskreis gebildet, der aus Vertretern der ehemaligen Gemeinden besetzt war. Daraus entwickelten sich \u00fcberwiegend Angebote im gesellschaftlichen Bereich.\n\nEnde 2014 gab es \u00dcberlegungen f\u00fcr ein breiteres und auch universelles Angebot einen Verein zu gr\u00fcnden. Nach grunds\u00e4tzlichen \u00dcberlegungen und der Kl\u00e4rung erforderlicher administrativer Voraussetzungen wurde ein Satzungsentwurf gestaltet. Mit der Bereitschaft eine Vereinsarbeit aktiv mitzugestalten hatten sich Holger Auweck, Richard Baumgarter, Gottfried Brandner, Rupert Frey, Hans Klostermeier sen., Marion Krettner-Suttor und G\u00fcnther Kuczera zusammengeschlossen.\t\t\t\t\t\t\t\t<\/div>\n\t\t\t\t<\/div>\n\t\t\t\t\t<\/div>\n\t\t\t\t<\/div>\n\t\t<div class=\"elementor-element elementor-element-d3be9af e-flex e-con-boxed e-con e-parent\" data-id=\"d3be9af\" data-element_type=\"container\" data-e-type=\"container\">\n\t\t\t\t\t<div class=\"e-con-inner\">\n\t\t\t\t<div class=\"elementor-element elementor-element-0a00e5f elementor-widget elementor-widget-spacer\" data-id=\"0a00e5f\" data-element_type=\"widget\" data-e-type=\"widget\" data-widget_type=\"spacer.default\">\n\t\t\t\t<div class=\"elementor-widget-container\">\n\t\t\t\t\t\t\t<div class=\"elementor-spacer\">\n\t\t\t<div class=\"elementor-spacer-inner\"><\/div>\n\t\t<\/div>\n\t\t\t\t\t\t<\/div>\n\t\t\t\t<\/div>\n\t\t\t\t\t<\/div>\n\t\t\t\t<\/div>\n\t\t<div class=\"elementor-element elementor-element-3bd2265 e-flex e-con-boxed elementor-invisible e-con e-parent\" data-id=\"3bd2265\" data-element_type=\"container\" data-e-type=\"container\" data-settings=\"{&quot;animation&quot;:&quot;fadeIn&quot;}\">\n\t\t\t\t\t<div class=\"e-con-inner\">\n\t\t\t\t<div class=\"elementor-element elementor-element-c540b31 elementor-widget elementor-widget-text-editor\" data-id=\"c540b31\" data-element_type=\"widget\" data-e-type=\"widget\" data-widget_type=\"text-editor.default\">\n\t\t\t\t<div class=\"elementor-widget-container\">\n\t\t\t\t\t\t\t\t\t<h3>Gr\u00fcndungsversammlung<\/h3>\nAm 10. Januar 2015 fand die erste offizielle Versammlung statt, auf der erfreulicherweise 87 Personen anwesend waren. Davon trugen sich 65 Interessierte als Gr\u00fcndungmitglieder ein. Neben der Vorstellung der allgemeinen Regularien, wie Satzung und Gesch\u00e4ftsordnung, ist auch bereits eine Vorstandschaft gew\u00e4hlt worden. Diese setzte sich wie folgt zusammen:\n\n1. Vorsitzender: Richard Baumgartner, Stellvertreter: Holger Auweck, Kassier:\u00a0 Rupert Frey, Schriftf\u00fchrerin: Marion Krettner-Suttor, Beisitzer: Gottfried Brandner, Hans Klostermeier sen., G\u00fcnther Kuczera, Kassenpr\u00fcfer: Anton Lang, Elfriede Tychsen.\n\nAm 23. Januar 2015 erfolgte die Eintragung in das Vereinsregister beim Registergericht Landshut.\n\nDie Vorstandschaft hatte mit Nachdruck an den Gr\u00fcndungsmodalit\u00e4ten gearbeitet und bisher wesentliche Themen umgesetzt:\n<h1><img fetchpriority=\"high\" decoding=\"async\" class=\"aligncenter wp-image-2295 size-full\" src=\"https:\/\/buerger-mengkofen.de\/wp-content\/uploads\/2024\/03\/Geschichte-Foto.png\" alt=\"\" width=\"519\" height=\"320\" srcset=\"https:\/\/buerger-mengkofen.de\/wp-content\/uploads\/2024\/03\/Geschichte-Foto.png 519w, https:\/\/buerger-mengkofen.de\/wp-content\/uploads\/2024\/03\/Geschichte-Foto-300x185.png 300w\" sizes=\"(max-width: 519px) 100vw, 519px\" \/><\/h1>\t\t\t\t\t\t\t\t<\/div>\n\t\t\t\t<\/div>\n\t\t\t\t\t<\/div>\n\t\t\t\t<\/div>\n\t\t<div class=\"elementor-element elementor-element-8c6ad74 e-flex e-con-boxed e-con e-parent\" data-id=\"8c6ad74\" data-element_type=\"container\" data-e-type=\"container\">\n\t\t\t\t\t<div class=\"e-con-inner\">\n\t\t\t\t<div class=\"elementor-element elementor-element-b3d1af3 elementor-widget elementor-widget-spacer\" data-id=\"b3d1af3\" data-element_type=\"widget\" data-e-type=\"widget\" data-widget_type=\"spacer.default\">\n\t\t\t\t<div class=\"elementor-widget-container\">\n\t\t\t\t\t\t\t<div class=\"elementor-spacer\">\n\t\t\t<div class=\"elementor-spacer-inner\"><\/div>\n\t\t<\/div>\n\t\t\t\t\t\t<\/div>\n\t\t\t\t<\/div>\n\t\t\t\t\t<\/div>\n\t\t\t\t<\/div>\n\t\t<div class=\"elementor-element elementor-element-21d7060 e-flex e-con-boxed elementor-invisible e-con e-parent\" data-id=\"21d7060\" data-element_type=\"container\" data-e-type=\"container\" data-settings=\"{&quot;animation&quot;:&quot;fadeIn&quot;}\">\n\t\t\t\t\t<div class=\"e-con-inner\">\n\t\t\t\t<div class=\"elementor-element elementor-element-fd41ae6 elementor-widget elementor-widget-text-editor\" data-id=\"fd41ae6\" data-element_type=\"widget\" data-e-type=\"widget\" data-widget_type=\"text-editor.default\">\n\t\t\t\t<div class=\"elementor-widget-container\">\n\t\t\t\t\t\t\t\t\t<h3>Arbeitskreis \u201eNachbarschaftshilfe\u201c<\/h3>\nAm 30. Januar 2015 wurde der Antrag auf staatliche Zuwendungen f\u00fcr eine b\u00fcrgerschaftliche Nachbarschaftshilfe gestellt.\n\nAm 15.M\u00e4rz 2015 erfolgte die Gr\u00fcndung eines Arbeitskreises, der sogenannte \u201eNachbarschaftshilfe\u201c.\n\nAm 28. April 2015 folgte daraufhin die F\u00f6rderzusage und Freigabe des Projektstarts zum 1. Mai 2015 durch das Zentrum Bayern Familie und Senioren (ZBFS)\n\nAm 15. Mai 2019 wurde der Antrag auf Anerkennung von \u201eAngeboten zur Unterst\u00fctzung im Alltag&#8220; beim ZBFS gestellt, woraufhin die Voraussetzungen zur Anerkennung, z.B. die Qualifizierung der Helfer, von Mai 2019 bis Januar 2020 anvisiert wurden.\n\nAm 05.M\u00e4rz 2020 erhielten wir die Anerkennung von Angeboten zur Unterst\u00fctzung im Alltag nach \u00a7 45 b SGB XI durch das Landesamt f\u00fcr Pflege.\n\nSeit diesem Zeitpunkt verzeichnen wir eine j\u00e4hrlich kontinuierliche Steigerung der Unterst\u00fctzungsleistungen.\n\nIn mehr als 2000 Helferstunden und 13.600 km Fahrstrecke mit Privat-Pkws betreuten 2023 nun 28 ausgebildete Helferinnen und Helfer 22 Pflegebed\u00fcrftige und 9 weitere Hilfeempf\u00e4nger.\t\t\t\t\t\t\t\t<\/div>\n\t\t\t\t<\/div>\n\t\t\t\t\t<\/div>\n\t\t\t\t<\/div>\n\t\t<div class=\"elementor-element elementor-element-0bb2d63 e-flex e-con-boxed e-con e-parent\" data-id=\"0bb2d63\" data-element_type=\"container\" data-e-type=\"container\">\n\t\t\t\t\t<div class=\"e-con-inner\">\n\t\t\t\t<div class=\"elementor-element elementor-element-c8c3b09 elementor-widget elementor-widget-spacer\" data-id=\"c8c3b09\" data-element_type=\"widget\" data-e-type=\"widget\" data-widget_type=\"spacer.default\">\n\t\t\t\t<div class=\"elementor-widget-container\">\n\t\t\t\t\t\t\t<div class=\"elementor-spacer\">\n\t\t\t<div class=\"elementor-spacer-inner\"><\/div>\n\t\t<\/div>\n\t\t\t\t\t\t<\/div>\n\t\t\t\t<\/div>\n\t\t\t\t\t<\/div>\n\t\t\t\t<\/div>\n\t\t<div class=\"elementor-element elementor-element-9df7d9c e-flex e-con-boxed elementor-invisible e-con e-parent\" data-id=\"9df7d9c\" data-element_type=\"container\" data-e-type=\"container\" data-settings=\"{&quot;animation&quot;:&quot;fadeIn&quot;}\">\n\t\t\t\t\t<div class=\"e-con-inner\">\n\t\t\t\t<div class=\"elementor-element elementor-element-81c0fb7 elementor-widget elementor-widget-text-editor\" data-id=\"81c0fb7\" data-element_type=\"widget\" data-e-type=\"widget\" data-widget_type=\"text-editor.default\">\n\t\t\t\t<div class=\"elementor-widget-container\">\n\t\t\t\t\t\t\t\t\t<h3>Gesellschaftspflege \u2013 Arbeitskreis \u201eAktiv im Alter\u201c<\/h3>\nZus\u00e4tzlich bietet der Verein ein breites, vielf\u00e4ltiges Programm an Vortr\u00e4gen, Besichtigungen, Ausfl\u00fcgen, Feiern je nach Jahreszeit, M\u00f6glichkeiten zu Bewegung und Sport wie Wandern, Schwimmern und Wassergymnastik, Jedermann-Turnen, Kegeln, Boccia, Radeln und Kneippen an.\n\nDazu kommen Spiele- und Filmnachmittage, einen gemeinsamen Mittagstisch, der als \u201eAuf R\u00e4dern zum Essen\u201c bekannt ist und auch B\u00fcrgersprechstunden an.\n\nF\u00fcr diese Angebote werden seit dem Gr\u00fcndungsjahr Halbjahresprogramme erstellt. In einer Auflage von ca. 700 St\u00fcck liegen diese zur kostenlosen Mitnahme in den \u00f6rtlichen Banken, im Rathaus und der Apotheke sowie im \u00c4rztewartezimmer auf.\n\nBei den Veranstaltungen nehmen j\u00e4hrlich rund 3000 Aktive teil.\n\nIm September 2023 bildete der 1. Aitrachtaler Gesundheitstag den H\u00f6hepunkt des Veranstaltungsangebotes.\t\t\t\t\t\t\t\t<\/div>\n\t\t\t\t<\/div>\n\t\t\t\t\t<\/div>\n\t\t\t\t<\/div>\n\t\t<div class=\"elementor-element elementor-element-5263d62 e-flex e-con-boxed e-con e-parent\" data-id=\"5263d62\" data-element_type=\"container\" data-e-type=\"container\">\n\t\t\t\t\t<div class=\"e-con-inner\">\n\t\t\t\t<div class=\"elementor-element elementor-element-01f0ccd elementor-widget elementor-widget-spacer\" data-id=\"01f0ccd\" data-element_type=\"widget\" data-e-type=\"widget\" data-widget_type=\"spacer.default\">\n\t\t\t\t<div class=\"elementor-widget-container\">\n\t\t\t\t\t\t\t<div class=\"elementor-spacer\">\n\t\t\t<div class=\"elementor-spacer-inner\"><\/div>\n\t\t<\/div>\n\t\t\t\t\t\t<\/div>\n\t\t\t\t<\/div>\n\t\t\t\t\t<\/div>\n\t\t\t\t<\/div>\n\t\t<div class=\"elementor-element elementor-element-968f321 e-flex e-con-boxed elementor-invisible e-con e-parent\" data-id=\"968f321\" data-element_type=\"container\" data-e-type=\"container\" data-settings=\"{&quot;animation&quot;:&quot;fadeIn&quot;}\">\n\t\t\t\t\t<div class=\"e-con-inner\">\n\t\t\t\t<div class=\"elementor-element elementor-element-e652bdd elementor-widget elementor-widget-text-editor\" data-id=\"e652bdd\" data-element_type=\"widget\" data-e-type=\"widget\" data-widget_type=\"text-editor.default\">\n\t\t\t\t<div class=\"elementor-widget-container\">\n\t\t\t\t\t\t\t\t\t<h3>Arbeitskreis \u201eMiteinander der Generationen\u201c<\/h3>\nEine weitere S\u00e4ule der Vereinsziele und Aktivit\u00e4ten bildet das \u201eMiteinander der Generationen\u201c.\n\nSo werden j\u00e4hrlich durch den Verein Beitr\u00e4ge zum Ferienprogramm der Gemeinde geleistet, auch finden Opa-Oma-Enkel-Fahrten in den Ferien statt.\n\nEin Gemeinschaftsprojekt, in dem Senioren Sch\u00fcler zu Themen der <strong>Energiewende <\/strong>und zum <strong>Energiesparen<\/strong> unterweisen, hat \u00fcberregional hohe Anerkennung und mehrfache Auszeichnungen erreicht.\n\nSeit dem Jahr 2015 arbeiten Sch\u00fcler und Senioren Hand in Hand beim Projekt <strong>\u201eZeit und Freude schenken.\u201c <\/strong>Dabei werden gemeinsam in der Schulk\u00fcche Pl\u00e4tzchen gebacken und verpackt, die \u00e4lteren Gemeindeb\u00fcrgern bei Hausbesuchen \u00fcbergeben werden.\n\nIm Jahr 2021 wurde das Projekt <strong>\u00a0&#8222;<a href=\"https:\/\/buerger-mengkofen.de\/index.php\/generationen-digital-in-verbindung\/\">Generationen digital in Verbindung<\/a>&#8220; <\/strong>ins Leben gerufen, bei dem die Jugend den Senioren die Nutzung von Handy und Tablet n\u00e4herbringt. Dieses Projekt ist 2023 durch den <strong>\u201eDigital-Pakt Alter\u201c <\/strong>erweitert worden.\n\nKindergarten und Schule unterst\u00fctzen Feste der Senioren mit Einlagen zum gesellschaftlichen Teil.\t\t\t\t\t\t\t\t<\/div>\n\t\t\t\t<\/div>\n\t\t\t\t\t<\/div>\n\t\t\t\t<\/div>\n\t\t<div class=\"elementor-element elementor-element-79c2b88 e-flex e-con-boxed e-con e-parent\" data-id=\"79c2b88\" data-element_type=\"container\" data-e-type=\"container\">\n\t\t\t\t\t<div class=\"e-con-inner\">\n\t\t\t\t<div class=\"elementor-element elementor-element-22a8266 elementor-widget elementor-widget-spacer\" data-id=\"22a8266\" data-element_type=\"widget\" data-e-type=\"widget\" data-widget_type=\"spacer.default\">\n\t\t\t\t<div class=\"elementor-widget-container\">\n\t\t\t\t\t\t\t<div class=\"elementor-spacer\">\n\t\t\t<div class=\"elementor-spacer-inner\"><\/div>\n\t\t<\/div>\n\t\t\t\t\t\t<\/div>\n\t\t\t\t<\/div>\n\t\t\t\t\t<\/div>\n\t\t\t\t<\/div>\n\t\t<div class=\"elementor-element elementor-element-48abd96 e-flex e-con-boxed elementor-invisible e-con e-parent\" data-id=\"48abd96\" data-element_type=\"container\" data-e-type=\"container\" data-settings=\"{&quot;animation&quot;:&quot;fadeIn&quot;}\">\n\t\t\t\t\t<div class=\"e-con-inner\">\n\t\t\t\t<div class=\"elementor-element elementor-element-ae0dadb elementor-widget elementor-widget-text-editor\" data-id=\"ae0dadb\" data-element_type=\"widget\" data-e-type=\"widget\" data-widget_type=\"text-editor.default\">\n\t\t\t\t<div class=\"elementor-widget-container\">\n\t\t\t\t\t\t\t\t\t<h3>Zusammenfassung<\/h3>\nDer doch noch junge Verein kann 2025 auf 10 Jahre aktives Vereinsleben blicken.\n\nIn den wenigen Jahren seines Bestehens hat sich eine starke Gemeinschaft entwickelt, die auch eine feste Gr\u00f6\u00dfe in der Gemeinde Mengkofen repr\u00e4sentiert.\n\nDurch seine vielf\u00e4ltigen Aktivit\u00e4ten und das gro\u00dfe ehrenamtliche Engagement seiner Mitglieder erf\u00e4hrt der Verein auch hohe Anerkennung in der Bev\u00f6lkerung und erfreut sich einer kontinuierlichen Steigerung der Mitgliederzahl.\t\t\t\t\t\t\t\t<\/div>\n\t\t\t\t<\/div>\n\t\t\t\t\t<\/div>\n\t\t\t\t<\/div>\n\t\t<div class=\"elementor-element elementor-element-2b33011 e-flex e-con-boxed e-con e-parent\" data-id=\"2b33011\" data-element_type=\"container\" data-e-type=\"container\">\n\t\t\t\t\t<div class=\"e-con-inner\">\n\t\t\t\t<div class=\"elementor-element elementor-element-2fb74b6 elementor-widget elementor-widget-spacer\" data-id=\"2fb74b6\" data-element_type=\"widget\" data-e-type=\"widget\" data-widget_type=\"spacer.default\">\n\t\t\t\t<div class=\"elementor-widget-container\">\n\t\t\t\t\t\t\t<div class=\"elementor-spacer\">\n\t\t\t<div class=\"elementor-spacer-inner\"><\/div>\n\t\t<\/div>\n\t\t\t\t\t\t<\/div>\n\t\t\t\t<\/div>\n\t\t\t\t\t<\/div>\n\t\t\t\t<\/div>\n\t\t\t\t<\/div>\n\t\t","protected":false},"excerpt":{"rendered":"<p>Die Meilensteine des Vereins B\u00fcrger f\u00fcr B\u00fcrger im Aitrachtal e.V. Ausgangssituation Im Jahr 2006 wurde im Landkreis Dingolfing-Landau im Rahmen eines Workshops ein Leitbild f\u00fcr Senioren entwickelt. Wesentliche Ziele dabei waren es, Antworten auf die Herausforderung des demographischen Wandels zu geben und die Seniorenarbeit im Landkreis zu intensivieren. In den Kommunen des Landkreises wurden Seniorenbeauftragte [&hellip;]<\/p>\n","protected":false},"author":1,"featured_media":0,"parent":0,"menu_order":0,"comment_status":"closed","ping_status":"closed","template":"","meta":{"site-sidebar-layout":"no-sidebar","site-content-layout":"","ast-site-content-layout":"full-width-container","site-content-style":"default","site-sidebar-style":"default","ast-global-header-display":"","ast-banner-title-visibility":"","ast-main-header-display":"","ast-hfb-above-header-display":"","ast-hfb-below-header-display":"","ast-hfb-mobile-header-display":"","site-post-title":"disabled","ast-breadcrumbs-content":"","ast-featured-img":"disabled","footer-sml-layout":"","ast-disable-related-posts":"","theme-transparent-header-meta":"","adv-header-id-meta":"","stick-header-meta":"","header-above-stick-meta":"","header-main-stick-meta":"","header-below-stick-meta":"","astra-migrate-meta-layouts":"default","ast-page-background-enabled":"default","ast-page-background-meta":{"desktop":{"background-color":"var(--ast-global-color-4)","background-image":"","background-repeat":"repeat","background-position":"center center","background-size":"auto","background-attachment":"scroll","background-type":"","background-media":"","overlay-type":"","overlay-color":"","overlay-opacity":"","overlay-gradient":""},"tablet":{"background-color":"","background-image":"","background-repeat":"repeat","background-position":"center center","background-size":"auto","background-attachment":"scroll","background-type":"","background-media":"","overlay-type":"","overlay-color":"","overlay-opacity":"","overlay-gradient":""},"mobile":{"background-color":"","background-image":"","background-repeat":"repeat","background-position":"center center","background-size":"auto","background-attachment":"scroll","background-type":"","background-media":"","overlay-type":"","overlay-color":"","overlay-opacity":"","overlay-gradient":""}},"ast-content-background-meta":{"desktop":{"background-color":"var(--ast-global-color-5)","background-image":"","background-repeat":"repeat","background-position":"center center","background-size":"auto","background-attachment":"scroll","background-type":"","background-media":"","overlay-type":"","overlay-color":"","overlay-opacity":"","overlay-gradient":""},"tablet":{"background-color":"var(--ast-global-color-5)","background-image":"","background-repeat":"repeat","background-position":"center center","background-size":"auto","background-attachment":"scroll","background-type":"","background-media":"","overlay-type":"","overlay-color":"","overlay-opacity":"","overlay-gradient":""},"mobile":{"background-color":"var(--ast-global-color-5)","background-image":"","background-repeat":"repeat","background-position":"center center","background-size":"auto","background-attachment":"scroll","background-type":"","background-media":"","overlay-type":"","overlay-color":"","overlay-opacity":"","overlay-gradient":""}},"footnotes":""},"class_list":["post-797","page","type-page","status-publish","hentry"],"aioseo_notices":[],"jetpack_sharing_enabled":true,"_links":{"self":[{"href":"https:\/\/buerger-mengkofen.de\/index.php\/wp-json\/wp\/v2\/pages\/797","targetHints":{"allow":["GET"]}}],"collection":[{"href":"https:\/\/buerger-mengkofen.de\/index.php\/wp-json\/wp\/v2\/pages"}],"about":[{"href":"https:\/\/buerger-mengkofen.de\/index.php\/wp-json\/wp\/v2\/types\/page"}],"author":[{"embeddable":true,"href":"https:\/\/buerger-mengkofen.de\/index.php\/wp-json\/wp\/v2\/users\/1"}],"replies":[{"embeddable":true,"href":"https:\/\/buerger-mengkofen.de\/index.php\/wp-json\/wp\/v2\/comments?post=797"}],"version-history":[{"count":73,"href":"https:\/\/buerger-mengkofen.de\/index.php\/wp-json\/wp\/v2\/pages\/797\/revisions"}],"predecessor-version":[{"id":3596,"href":"https:\/\/buerger-mengkofen.de\/index.php\/wp-json\/wp\/v2\/pages\/797\/revisions\/3596"}],"wp:attachment":[{"href":"https:\/\/buerger-mengkofen.de\/index.php\/wp-json\/wp\/v2\/media?parent=797"}],"curies":[{"name":"wp","href":"https:\/\/api.w.org\/{rel}","templated":true}]}}